{"id":8,"date":"2016-01-27T10:34:41","date_gmt":"2016-01-27T09:34:41","guid":{"rendered":"http:\/\/wordpress\/?page_id=8"},"modified":"2018-03-30T16:13:53","modified_gmt":"2018-03-30T14:13:53","slug":"strona-glowna","status":"publish","type":"page","link":"https:\/\/www.bttautomatyka.pl\/","title":{"rendered":"BTT Automatyka w Gda\u0144sku"},"content":{"rendered":"<ul class=\"flexlista\">\n  <li style=\"background: url(BTT\/img\/BTT_card01.jpg)\"><h2>Falowniki Power Electronics<\/h2><p>Przemienniki cz\u0119stotliwo\u015bci od 2,2kW do 2,2MW, zasilanie 380...690VAC, praca wektorowa, dodatkowe modu\u0142y\n<a href=\"index.php\/falowniki-power-electronics-sd700\" title=\"Falowniki SD700 ze zwrotem energi do sieci\">WI\u0118CEJ...<\/a><br>\nSD500 1.5-90kW, 3x380-480VAC <a href=\"index.php\/falowniki-power-electronics-sd500\" title=\"Falowniki Seria SD500\">WI\u0118CEJ...<\/a><br>\n<u>\u015arednie napi\u0119cia do 15kV:<\/u>\n<br><a href=\"index.php\/falowniki-sredniego-napiecia-xmv660\" title=\"Falowniki \u015bredniego napi\u0119cia XMV660\">WI\u0118CEJ...<\/a><\/p><\/li><li style=\"background: url(BTT\/img\/BTT_card02.jpg)\"><h2>Falowniki PARKER AC10,AC30,690P,890<\/h2><p><a href=\"index.php\/falowniki-parker-ac10\" title=\"Falowniki PARKER AC10\">AC10 (0,2-180kW)<\/a><br>\r\n<a href=\"index.php\/falowniki-parker-ac15\" title=\"Falowniki PARKER AC10\">AC15 (0,37-30kW)<\/a><br>\r\n<a href=\"index.php\/falowniki-parker-ac20\" title=\"Falowniki PARKER AC20\">AC20 (1,5-180kW)<\/a><br>\r\n<a href=\"index.php\/falowniki-parker-ac30\" title=\"Falowniki PARKER AC30\">AC30 (0,75-250kW)<\/a><br>\r\n<a href=\"index.php\/falowniki-parker-890\" title=\"Falowniki PARKER 890\">890 (0,55-1200kW)<\/a><\/p><\/li><li style=\"background: url(BTT\/img\/BTT_card03.jpg)\"><h2>Serwonap\u0119dy<\/h2><p>Firma SSD Parvex oferuje pe\u0142n\u0105 obs\u0142ug\u0119 w zakresie doboru i dostarczania serwonap\u0119d\u00f3w - dopasowuje ofert\u0119 do indywidualnych zapotrzebowa\u0144.<br>\n<a href=\"index.php\/serwonapedy\" title=\"Serwonap\u0119dy\">WI\u0118CEJ...<\/a><\/p><\/li><li style=\"background: url(BTT\/img\/BTT_card04.jpg)\"><h2>Softstarty<\/h2><p><u>V2 (analogowy): <\/u><br \/>Zakres mocy: do 37kW<br \/><u>V5 (cyfrowy): <\/u><br \/>Zakres mocy: do 1100kW<br \/><a href=\"index.php\/softstarty\" title=\"Softstarty V2 oraz V5\">WI\u0118CEJ...<\/a><br \/><u>VS65 (\u015brednie napi\u0119cia):<\/u><br \/>2300V, 3300V, 4160V, 6000V, 6600V<br \/><a href=\"index.php\/softstarty-VS65\" title=\"Softstarty \u015aredniego Napi\u0119cia VS65\">WI\u0118CEJ...<\/a><\/p><\/li><li style=\"background: url(BTT\/img\/BTT_card12.jpg)\"><h2>\u0141adowanie samochod\u00f3w elektrycznych EV<\/h2><p><span>POWER ELECTRONICS<\/span><br><br>\n<span>\u0141adowarki EV : 22 kW, 50 kW, 60 kW, 100 kW, 120 kW, 175 kW, 350 kW, 400 kW, 600 kW<\/span><br>\n<a href=\"index.php\/ladowanie-samochodow-elektrycznych-ev\/\" title=\"\u0141adowanie samochod\u00f3w elektrycznych EV\">Wi\u0119cej...<\/a><\/p><\/li><li style=\"background: url(BTT\/img\/BTT_card05.jpg)\"><h2>Tyrystorowe Nap\u0119dy DC<\/h2><p>Szeroka gama przekszta\u0142tnik\u00f3w DC w wykonaniu analogowym i cyfrowym.<br>\n<a href=\"index.php\/tyrystorowe-napedy-dc\" title=\"Tyrystorowe Nap\u0119dy DC\">WI\u0118CEJ...<\/a><br><br>\n<a href=\"index.php\/sterownik-silnikow-pierscieniowych\" title=\"Sterownik Silnik\u00f3w Pier\u015bcieniowych\">Sterownik Silnik\u00f3w Pier\u015bcieniowych<\/a><br><\/p><\/li><li style=\"background: url(BTT\/img\/BTT_card06.jpg)\"><h2>\"Kwadratowe\" Silniki AC<\/h2><p>Firma T-T Electric oferuje seri\u0119 \"kwadratowych\" asynchronicznych tr\u00f3jfazowych silnik\u00f3w...<br>\n<a href=\"index.php\/kwadratowe-silniki-ac\" title=\"Kwadratowe silniki AC\">WI\u0118CEJ...<\/a><br>\nSilniki asynchroniczne klatkowe z obudow\u0105 o kwadratowym kszta\u0142cie przekroju poprzecznego.<br>\n<a href=\"index.php\/silniki-asynchroniczne-klatkowe-z-obudowa-o-kwadratowym-ksztalcie-przekroju-poprzecznego\" title=\"Klatkowe silniki\">WI\u0118CEJ...<\/a><br>\nWysokoobrotowe silniki indukcyjne<br>\n<a href=\"index.php\/wysokoobrotowe-silniki-indukcyjne\" title=\"Klatkowe silniki\">WI\u0118CEJ...<\/a><\/p><\/li><li style=\"background: url(BTT\/img\/BTT_card07.jpg)\"><h2>Silniki DC<\/h2><p>Silniki DC firmy T-T Electric.<br>\n<a href=\"index.php\/silniki-dc\" title=\"Silniki DC\">WI\u0118CEJ...<\/a><\/p><\/li><li style=\"background: url(BTT\/img\/BTT_card08.jpg)\"><h2>Falowniki Solarne<\/h2><p><u>FREESUN<\/u> - falowniki (inwertery) i kompletne wyposa\u017cone stacje solarne od 1900kVA do 8800kVA, 690Vac, 6kV-35kV<br><br>\r\n<a href=\"index.php\/falowniki-solarne\" title=\"Falowniki Solarne\">WI\u0118CEJ...<\/a>\r\n<\/p><\/li><li style=\"background: url(BTT\/img\/BTT_card09.jpg)\"><h2>Us\u0142ugi, uruchomienia oraz aplikacje<\/h2><p>Wykonujemy elektryczne nap\u0119dy maszyn, urzadze\u0144 i instalacji...<br><a href=\"index.php\/uslugi\" title=\"Nasze us\u0142ugi\">WI\u0118CEJ...<\/a><\/p><\/li><li style=\"background: url(BTT\/img\/BTT_card10.jpg)\"><h2>Technika Podwodna<\/h2><p>Z\u0142\u0105cza hermetyczne SEACON, SUBCONN, kable, wci\u0105garki, przej\u015bcia obrotowe FOCAL, pojazdy podwodne, sonary, system nawigacji podwodnej, sprz\u0119t nurkowy, sprz\u0119t pomiarowy, itp.<br><a href=\"index.php\/technika-podwodna\" title=\"Technika Podwodna\">WI\u0118CEJ...<\/a><\/p><\/li><li style=\"background: url(BTT\/img\/BTT_card11.jpg)\"><h2>Energetyczny Filtr Aktywny<\/h2><p>Zakres 230VAC do 690VAC<br>\nModu\u0142owa budowa 100A do 630A<br><br>\n<a href=\"\/BTT\/pdf\/power\/SD7FATR01A_ActiveFilter_Leaflet.pdf\" title=\"Energetyczny Filtr Aktywny\">\n<img src=\"\/BTT\/img\/pdf_icon.png\" alt=\"Energetyczny Filtr Aktywny\" border=\"0\" \/>WI\u0118CEJ...<\/a><\/p><\/li><\/ul>\n","protected":false},"excerpt":{"rendered":"","protected":false},"author":1,"featured_media":0,"parent":0,"menu_order":0,"comment_status":"closed","ping_status":"closed","template":"page-templates\/page_fullwidth.php","meta":{"_exactmetrics_skip_tracking":false,"_exactmetrics_sitenote_active":false,"_exactmetrics_sitenote_note":"","_exactmetrics_sitenote_category":0},"aioseo_notices":[],"_links":{"self":[{"href":"https:\/\/www.bttautomatyka.pl\/index.php\/wp-json\/wp\/v2\/pages\/8"}],"collection":[{"href":"https:\/\/www.bttautomatyka.pl\/index.php\/wp-json\/wp\/v2\/pages"}],"about":[{"href":"https:\/\/www.bttautomatyka.pl\/index.php\/wp-json\/wp\/v2\/types\/page"}],"author":[{"embeddable":true,"href":"https:\/\/www.bttautomatyka.pl\/index.php\/wp-json\/wp\/v2\/users\/1"}],"replies":[{"embeddable":true,"href":"https:\/\/www.bttautomatyka.pl\/index.php\/wp-json\/wp\/v2\/comments?post=8"}],"version-history":[{"count":1,"href":"https:\/\/www.bttautomatyka.pl\/index.php\/wp-json\/wp\/v2\/pages\/8\/revisions"}],"predecessor-version":[{"id":149,"href":"https:\/\/www.bttautomatyka.pl\/index.php\/wp-json\/wp\/v2\/pages\/8\/revisions\/149"}],"wp:attachment":[{"href":"https:\/\/www.bttautomatyka.pl\/index.php\/wp-json\/wp\/v2\/media?parent=8"}],"curies":[{"name":"wp","href":"https:\/\/api.w.org\/{rel}","templated":true}]}}