{"id":49,"date":"2016-01-29T16:26:52","date_gmt":"2016-01-29T15:26:52","guid":{"rendered":"http:\/\/wordpress\/?page_id=49"},"modified":"2016-05-12T12:42:26","modified_gmt":"2016-05-12T10:42:26","slug":"uslugi-aplikacje-i-uruchomienia","status":"publish","type":"page","link":"https:\/\/www.bttautomatyka.pl\/index.php\/uslugi-aplikacje-i-uruchomienia\/","title":{"rendered":"Us\u0142ugi, aplikacje oraz uruchomienia"},"content":{"rendered":"<div class=\"btt floatfix uslugi\">\r\n  <h1>Us\u0142ugi, uruchomienia oraz aplikacje<\/h1>\r\n  <p>Wykonujemy:<\/p>\r\n  <ul>\r\n    <li>\r\n      <p>Elektryczne (AC, DC i serwo) uk\u0142ady nap\u0119dowe maszyn, urz\u0105dze\u0144 i instalacji (nowe, modernizacje i naprawy)\r\n        m.in.:<\/p>\r\n      <ul class=\"sub\">\r\n        <li>obrabiarek CNC<\/li>\r\n        <li>linii produkcji folii<\/li>\r\n        <li>instalacji sta\u0142ego ci\u015bnienia wody, natlenienia \u015bciek\u00f3w i wody<\/li>\r\n        <li>ekstruder\u00f3w<\/li>\r\n        <li>refuler\u00f3w<\/li>\r\n        <li>wci\u0105garek (z pomiarem wydawanej liny i naci\u0105gu)<\/li>\r\n        <li>bramownic i suwnic<\/li>\r\n        <li>pomp i wentylator\u00f3w<\/li>\r\n      <\/ul>\r\n    <\/li>\r\n    <li>\r\n      <p>Uk\u0142ady sterowania i automatyki nap\u0119d\u00f3w elektrycznych AC i DC.<\/p>\r\n    <\/li>\r\n    <li>\r\n      <p>Naprawy falownik\u00f3w, zasilaczy (przekszta\u0142tnik\u00f3w) silnik\u00f3w DC i serwonaped\u00f3w firm: <span>SSD\/Eurotherm\r\n          Drives\/PARKER, Parvex, Sprint Electric oraz Power Electronics.<\/span>\r\n      <\/p>\r\n    <\/li>\r\n    <li><a\r\n        href=\"index.php\/lokalna-siec-do-zasilania-testowanych-urzadzen-napieciami-o-czestotliwosci-60hz-w-oparciu-o-falownik-690p-firmy-parker\/\">Lokalna\r\n        sie\u0107 do zasilania testowanych urz\u0105dze\u0144 napi\u0119ciami o cz\u0119stotliwo\u015bci 60Hz w oparciu o falownik 690P firmy\r\n        Parker<\/a><\/li>\r\n  <\/ul>\r\n<\/div>\n","protected":false},"excerpt":{"rendered":"","protected":false},"author":1,"featured_media":0,"parent":0,"menu_order":0,"comment_status":"closed","ping_status":"closed","template":"page-templates\/page_fullwidth.php","meta":{"_exactmetrics_skip_tracking":false,"_exactmetrics_sitenote_active":false,"_exactmetrics_sitenote_note":"","_exactmetrics_sitenote_category":0},"aioseo_notices":[],"_links":{"self":[{"href":"https:\/\/www.bttautomatyka.pl\/index.php\/wp-json\/wp\/v2\/pages\/49"}],"collection":[{"href":"https:\/\/www.bttautomatyka.pl\/index.php\/wp-json\/wp\/v2\/pages"}],"about":[{"href":"https:\/\/www.bttautomatyka.pl\/index.php\/wp-json\/wp\/v2\/types\/page"}],"author":[{"embeddable":true,"href":"https:\/\/www.bttautomatyka.pl\/index.php\/wp-json\/wp\/v2\/users\/1"}],"replies":[{"embeddable":true,"href":"https:\/\/www.bttautomatyka.pl\/index.php\/wp-json\/wp\/v2\/comments?post=49"}],"version-history":[{"count":0,"href":"https:\/\/www.bttautomatyka.pl\/index.php\/wp-json\/wp\/v2\/pages\/49\/revisions"}],"wp:attachment":[{"href":"https:\/\/www.bttautomatyka.pl\/index.php\/wp-json\/wp\/v2\/media?parent=49"}],"curies":[{"name":"wp","href":"https:\/\/api.w.org\/{rel}","templated":true}]}}