{"id":43,"date":"2016-01-29T13:23:11","date_gmt":"2016-01-29T12:23:11","guid":{"rendered":"http:\/\/wordpress\/?page_id=43"},"modified":"2016-05-11T10:53:15","modified_gmt":"2016-05-11T08:53:15","slug":"tyrystorowe-napedy-dc","status":"publish","type":"page","link":"https:\/\/www.bttautomatyka.pl\/index.php\/tyrystorowe-napedy-dc\/","title":{"rendered":"Tyrystorowe Nap\u0119dy DC"},"content":{"rendered":"<div class=\"btt tyrystorowe floatfix\">\n  <h1>Tyrystorowe nap\u0119dy DC<\/h1>\n  <p>Oferta SPRINT ELECTRIC obejmuje szeroki zakres tyrystorowych, analogowych i cyfrowych przekszta\u0142tnik\u00f3w do zasilania\n    silnik\u00f3w DC i silnik\u00f3w pier\u015bcieniowych.<\/p>\n  <h2>Model PL \/ PLX - 3 fazowy cyfrowy przekszta\u0142tnik - do 2250A (980kW)<\/h2>\n  <img class=\"koko\" src=\"\/BTT\/img\/dcprzek_plplx.jpg\" \/>\n  <ul>\n    <li>praca w 2 lub 4 \u0107wiartkach (nawrotny i nienawrotny)<\/li>\n    <li>zasilanie do 3x690 V<\/li>\n    <li>wbudowany modu\u0142 enkodera i tacho<\/li>\n    <li>szerokie mo\u017cliwo\u015bci programowe<\/li>\n    <li>komunikacja opcjonalnie: Profibus, DeviceNet, CC-Link, EtherNet\/IP, Modbus and CANopen<\/li>\n  <\/ul>\n  <h2>Modele 340, 680, 1220, 3200 i 3600 - 1 fazowe przekszta\u0142tniki 0,37kW - 11kW<\/h2>\n  <img class=\"koko\" src=\"\/BTT\/img\/dcprzek_340.jpg\" \/>\n  <ul>\n    <li>praca w 2 lub 4 \u0107wiartkach (nawrotny i nienawrotny)<\/li>\n    <li>izolowane i nieizolowane<\/li>\n    <li>zasilanie 30-60 V, 120-240 V i 240-400 V<\/li>\n    <li>monta\u017c na szynie DIN (modele 340, 680 i 1220)<\/li>\n  <\/ul>\n  <div style=\"clear: both\">\n    <img class=\"koko\" src=\"\/BTT\/img\/dcprzek_3600.jpg\" \/>\n    <p>Przekszta\u0142tniki SPRINT ELECTRIC obj\u0119te s\u0105 2-letni\u0105 gwarancj\u0105 producenta, a w przypadku wykonania uk\u0142adu zgodnie z\n      naszymi zaleceniami rozszerzamy gwarancj\u0119 do 3 lat.<\/p>\n    <p>Warto te\u017c podkre\u015bli\u0107, \u017ce zdecydowana wi\u0119kszo\u015b\u0107 produkt\u00f3w dost\u0119pna jest z magazynu producenta w ci\u0105gu kilku dni.\n    <\/p>\n  <\/div>\n<\/div>\n","protected":false},"excerpt":{"rendered":"","protected":false},"author":1,"featured_media":0,"parent":0,"menu_order":0,"comment_status":"closed","ping_status":"closed","template":"page-templates\/page_fullwidth.php","meta":{"_exactmetrics_skip_tracking":false,"_exactmetrics_sitenote_active":false,"_exactmetrics_sitenote_note":"","_exactmetrics_sitenote_category":0},"aioseo_notices":[],"_links":{"self":[{"href":"https:\/\/www.bttautomatyka.pl\/index.php\/wp-json\/wp\/v2\/pages\/43"}],"collection":[{"href":"https:\/\/www.bttautomatyka.pl\/index.php\/wp-json\/wp\/v2\/pages"}],"about":[{"href":"https:\/\/www.bttautomatyka.pl\/index.php\/wp-json\/wp\/v2\/types\/page"}],"author":[{"embeddable":true,"href":"https:\/\/www.bttautomatyka.pl\/index.php\/wp-json\/wp\/v2\/users\/1"}],"replies":[{"embeddable":true,"href":"https:\/\/www.bttautomatyka.pl\/index.php\/wp-json\/wp\/v2\/comments?post=43"}],"version-history":[{"count":0,"href":"https:\/\/www.bttautomatyka.pl\/index.php\/wp-json\/wp\/v2\/pages\/43\/revisions"}],"wp:attachment":[{"href":"https:\/\/www.bttautomatyka.pl\/index.php\/wp-json\/wp\/v2\/media?parent=43"}],"curies":[{"name":"wp","href":"https:\/\/api.w.org\/{rel}","templated":true}]}}