{"id":41,"date":"2016-01-29T11:04:24","date_gmt":"2016-01-29T10:04:24","guid":{"rendered":"http:\/\/wordpress\/?page_id=41"},"modified":"2016-05-06T10:27:07","modified_gmt":"2016-05-06T08:27:07","slug":"softstarty","status":"publish","type":"page","link":"https:\/\/www.bttautomatyka.pl\/index.php\/softstarty\/","title":{"rendered":"Softstarty"},"content":{"rendered":"<div class=\"btt softstart\">\n  <h1>Softstarty \u2013 \u0142agodny rozruch silnik\u00f3w AC.<\/h1>\n  <p>Oferujemy softstarty hiszpa\u0144skiej firmy Power Electronics obj\u0119te 3 letni\u0105 gwarancj\u0105 producenta. Wszystkie modele z\n    regulacj\u0105 w 3 fazach.<\/p>\n  <h2>Softstarty analogowe V2 : moc 4 \u2013 37kW<\/h2>\n  <table>\n    <tr>\n      <td>WEJ\u015aCIE<\/td>\n    <\/tr>\n    <tr>\n      <td>Napi\u0119cie wej\u015bciowe:<br \/>\n        Cz\u0119stotliwo\u015b\u0107 zasilania:<br \/>\n        Napi\u0119cie sterowania:<\/td>\n      <td>230-400V(~3 fazy), \u00b110%<br \/>\n        47-62 Hz<br \/>\n        230V +\/-10%, inne w razie potrzeby<\/td>\n    <\/tr>\n    <tr>\n      <td>WYJ\u015aCIE<\/td>\n    <\/tr>\n    <tr>\n      <td>Napi\u0119cie wyj\u015bciowe:<br \/>\n        Cz\u0119stotliwo\u015b\u0107 wyj\u015bciowa:<br \/>\n        Sprawno\u015b\u0107 (@ pe\u0142nym obc.):<\/td>\n      <td>0 -100% napi\u0119cia zasilania<br \/>\n        47-60 Hz<br \/>\n        > 99%<\/td>\n    <\/tr>\n    <tr>\n      <td>WARUNKI OTOCZENIA<\/td>\n    <\/tr>\n    <tr>\n      <td>Temperatura otoczenia:<br \/>\n        Utrata parametr\u00f3w na wysoko\u015bci:<br \/>\n        Wilgotno\u015b\u0107:<br \/>\n        Stopie\u0144 ochrony:<\/td>\n      <td>praca: 0 do +40\u00baC<br \/>\n        >1000m npm 1% na ka\u017cde 100m, maks. 3000m<br \/>\n        95%@ 40\u00baC bez kondensacji<br \/>\n        IP00 lub IP54<\/td>\n    <\/tr>\n    <tr>\n      <td>ZABEZPIECZENIA SILNIKA<\/td>\n    <\/tr>\n    <tr>\n      <td><\/td>\n      <td>utrata fazy wej\u015bciowej<br \/>\n        ograniczenie pr\u0105du rozruchowego<br \/>\n        utkni\u0119cie wirnika<br \/>\n        przeci\u0105\u017cenie silnika (model termiczny)<br \/>\n        wzrost temperatury silnika (PTC)<br \/>\n        niedoci\u0105\u017cenie<br \/>\n        niesymetria faz <\/td>\n    <\/tr>\n    <tr>\n      <td>ZABEZPIECZENIA V2<\/td>\n    <\/tr>\n    <tr>\n      <td><\/td>\n      <td>b\u0142\u0105d podstawowy<br \/>\n        przekroczenie temperatury V2<\/td>\n    <\/tr>\n    <tr>\n      <td>USTAWIENIA<\/td>\n    <\/tr>\n    <tr>\n      <td><\/td>\n      <td>moment pocz\u0105tkowy 30-99%<br \/>\n        rampa przyspieszania 0-15s<br \/>\n        rampa hamowania<br \/>\n        przeci\u0105\u017cenie: 0.8 do 1.2 In<br \/>\n        krzywa przeci\u0105\u017cenia<br \/>\n        niedoci\u0105\u017cenie: 0.2 do 0.6 In<br \/>\n        krzywa niedoci\u0105\u017cenia<br \/>\n        ograniczenie pr\u0105du: 1 do 5 In <\/td>\n    <\/tr>\n  <\/table>\n  <a href=\"\/BTT\/pdf\/power\/v2_manual_pl.pdf\" title=\"Softstarty V2 Dokumentacja\"> <img src=\"\/BTT\/img\/pdf_icon.png\"\n      title=\"Softstarty V2 Dokumentacja\" alt=\"Softstarty V2 Dokumentacja\" \/>DOKUMENTACJA<\/a> | <a\n    href=\"http:\/\/www.bttautomatyka.pl\/index.php\/cennik\/?go=softstart\" title=\"Sofstarty V2 Cennik\">CENNIK<\/a>\n  <h2>Softstarty cyfrowe V5 : moc 4 \u2013 1500kW<\/h2>\n  <table>\n    <tr>\n      <td>WEJ\u015aCIE<\/td>\n    <\/tr>\n    <tr>\n      <td>Napi\u0119cie wej\u015bciowe:<br \/>\n        Cz\u0119stotliwo\u015b\u0107 zasilania:<br \/>\n        Napi\u0119cie zasilania sterowania:<\/td>\n      <td>230-500V(~3 fazowe), -20%+10%, 690V, 1000V<br \/>\n        47-62 Hz<br \/>\n        230V +\/-10%, inne napi\u0119cia na zam\u00f3wienie<\/td>\n    <\/tr>\n    <tr>\n      <td>WYJ\u015aCIE<\/td>\n    <\/tr>\n    <tr>\n      <td>Napi\u0119cie wyj\u015bciowe:<br \/>\n        Cz\u0119stotliwo\u015b\u0107 wyj\u015bciowa:<br \/>\n        Sprawno\u015b\u0107 (@ pe\u0142nym obc.)<\/td>\n      <td>0 - 100% napi\u0119cia zasilania<br \/>\n        47 - 62 Hz<br \/>\n        > 99%<\/td>\n    <\/tr>\n    <tr>\n      <td>WARUNKI \u015aRODOWISKOWE<\/td>\n    <\/tr>\n    <tr>\n      <td>Temperatura otoczenia:<br \/>\n        Utrata parametr\u00f3w na wysoko\u015bci:<br \/>\n        Stopie\u0144 ochrony:<\/td>\n      <td>-10\u00baC - 45\u00baC , przy zmniejszeniu obci\u0105\u017cenia do 50\u00baC<br \/>\n        >1000m npm 1% na ka\u017cde 100m, maks. 3000m<br \/>\n        IP20<\/td>\n    <\/tr>\n    <tr>\n      <td>ZABEZPIECZENIA SILNIKA<\/td>\n    <\/tr>\n    <tr>\n      <td><\/td>\n      <td>brak fazy<br \/>\n        brak napi\u0119cia wej\u015bciowego<br \/>\n        kolejno\u015b\u0107 faz napi\u0119cia wej.<br \/>\n        za wysokie \/ za niskie napi\u0119cie wej\u015bciowe<br \/>\n        ograniczenie pr\u0105du pocz\u0105tkowego rozruchu<br \/>\n        utkni\u0119cie wirnika<br \/>\n        przeci\u0105\u017cenie silnika (model termiczny)<br \/>\n        bieg ja\u0142owy silnika\n        niezr\u00f3wnowa\u017cenie fazowe > 40%<br \/>\n        wzrost temperatury silnika (PTC)<br \/>\n        pr\u0105d \u201eshear pin\u201d<br \/>\n        ilo\u015b\u0107 rozruch\u00f3w \/ godz. <\/td>\n    <\/tr>\n    <tr>\n      <td>ZABEZPIECZENIE V5<\/td>\n    <\/tr>\n    <tr>\n      <td><\/td>\n      <td>uszkodzenie tyrystor\u00f3w<br \/>\n        wzrost temperatury V5<\/td>\n    <\/tr>\n    <tr>\n      <td>USTAWIENIA<\/td>\n    <\/tr>\n    <tr>\n      <td><\/td>\n      <td>forsowanie momentu (metoda rozruchu opatentowana przez Power Electronics)<br \/>\n        moment pocz\u0105tkowy<br \/>\n        czas momentu pocz\u0105tkowego<br \/>\n        czas przyspieszenia<br \/>\n        ograniczenie pr\u0105du : 1 do 5 In<br \/>\n        przeci\u0105\u017cenie: 0.8 do 1.2 In, czas narastania 0 do 10<br \/>\n        czas hamowania \/ zatrzymanie wybiegiem<br \/>\n        DC hamowanie<br \/>\n        pr\u0119dko\u015b\u0107 manewrowa (1\/7 cz\u0119stotliwo\u015bci podstawowej)<br \/>\n        podw\u00f3jna nastawa<br \/>\n        dozwolona ilo\u015bci rozruch\u00f3w<br \/>\n        sterowanie momentem<br \/>\n        zatrzymanie sterowane \u201etaranem wodnym\u201d<br \/>\n        informacji o innych nastawach w DTR <\/td>\n    <\/tr>\n    <tr>\n      <td>SYGNA\u0141Y WEJ\u015aCIOWE<\/td>\n    <\/tr>\n    <tr>\n      <td><\/td>\n      <td>2 wej\u015bcia analogowe 0-10V, 4-20mA<br \/>\n        5 konfigurowanych wej\u015b\u0107 cyfrowych<br \/>\n        1 wej\u015bcie termistora silnikowego PTC<\/td>\n    <\/tr>\n    <tr>\n      <td>SYGNA\u0141Y WYJ\u015aCIOWE<\/td>\n    <\/tr>\n    <tr>\n      <td><\/td>\n      <td>1 wyj\u015bcie analogowe 4-20mA<br \/>\n        3 przeka\u017aniki wyj\u015bciowe o styku prze\u0142\u0105czanym (10A 250VAC obc. nie indukcyjne)<\/td>\n    <\/tr>\n    <tr>\n      <td>KOMUNIKACJA<\/td>\n    <\/tr>\n    <tr>\n      <td><\/td>\n      <td>RS232\/RS485, opcje Modbus, Profibus oraz DeviceNet przez interfejs<\/td>\n    <\/tr>\n    <tr>\n      <td>INFORMACJE WY\u015aWIETLANE<\/td>\n    <\/tr>\n    <tr>\n      <td><\/td>\n      <td>pr\u0105d fazowy<br \/>\n        napi\u0119cie zasilaj\u0105ce<br \/>\n        stan przeka\u017anik\u00f3w<br \/>\n        stan wej\u015b\u0107 cyfrowych \/ stan PTC<br \/>\n        warto\u015bci na wej\u015bciach analogowych<br \/>\n        warto\u015bci na wyj\u015bciu analogowym<br \/>\n        stan przeci\u0105\u017cenia<br \/>\n        cz\u0119stotliwo\u015b\u0107 napi\u0119cia zasilania silnika<br \/>\n        wsp\u00f3\u0142czynnik mocy silnika<br \/>\n        moc oddawana, moment na wale silnika<br \/>\n        historia zatrzyma\u0144 awaryjnych (5 ostatnich zatrzyma\u0144) <\/td>\n    <\/tr>\n    <tr>\n      <td>TRYBY STEROWANIA<\/td>\n    <\/tr>\n    <tr>\n      <td><\/td>\n      <td>lokalnie z pulpitu.<br \/>\n        zdalnie przez wej\u015bcia cyfrowe<br \/>\n        zdalnie przez komunikacj\u0119 szeregow\u0105 <\/td>\n    <\/tr>\n  <\/table>\n  <a href=\"\/BTT\/pdf\/power\/v5_manual_pl.pdf\" title=\"Softstarty V5 Dokumentacja\">\n    <img src=\"\/BTT\/img\/pdf_icon.png\" title=\"Softstarty V5 Dokumentacja\"\n      alt=\"Softstarty V5 Dokumentacja\" \/>DOKUMENTACJA<\/a> |\n  <a href=\"http:\/\/www.bttautomatyka.pl\/index.php\/cennik\/?go=softstart\" title=\"Sofstarty V5 Cennik\">CENNIK<\/a>\n<\/div>\n","protected":false},"excerpt":{"rendered":"","protected":false},"author":1,"featured_media":0,"parent":0,"menu_order":0,"comment_status":"closed","ping_status":"closed","template":"page-templates\/page_fullwidth.php","meta":{"_exactmetrics_skip_tracking":false,"_exactmetrics_sitenote_active":false,"_exactmetrics_sitenote_note":"","_exactmetrics_sitenote_category":0},"aioseo_notices":[],"_links":{"self":[{"href":"https:\/\/www.bttautomatyka.pl\/index.php\/wp-json\/wp\/v2\/pages\/41"}],"collection":[{"href":"https:\/\/www.bttautomatyka.pl\/index.php\/wp-json\/wp\/v2\/pages"}],"about":[{"href":"https:\/\/www.bttautomatyka.pl\/index.php\/wp-json\/wp\/v2\/types\/page"}],"author":[{"embeddable":true,"href":"https:\/\/www.bttautomatyka.pl\/index.php\/wp-json\/wp\/v2\/users\/1"}],"replies":[{"embeddable":true,"href":"https:\/\/www.bttautomatyka.pl\/index.php\/wp-json\/wp\/v2\/comments?post=41"}],"version-history":[{"count":0,"href":"https:\/\/www.bttautomatyka.pl\/index.php\/wp-json\/wp\/v2\/pages\/41\/revisions"}],"wp:attachment":[{"href":"https:\/\/www.bttautomatyka.pl\/index.php\/wp-json\/wp\/v2\/media?parent=41"}],"curies":[{"name":"wp","href":"https:\/\/api.w.org\/{rel}","templated":true}]}}