{"id":39,"date":"2016-01-29T10:21:02","date_gmt":"2016-01-29T09:21:02","guid":{"rendered":"http:\/\/wordpress\/?page_id=39"},"modified":"2016-05-06T10:02:49","modified_gmt":"2016-05-06T08:02:49","slug":"serwonapedy","status":"publish","type":"page","link":"https:\/\/www.bttautomatyka.pl\/index.php\/serwonapedy\/","title":{"rendered":"Serwonap\u0119dy"},"content":{"rendered":"<div class=\"btt serwo\">\n  <h1>BTT AUTOMATYKA Sp. z o.o. jest uznanym dystrybutorem serwonap\u0119d\u00f3w SSD francuskiego dostawcy Parvex.<\/h1>\n  <p>Oferujemy silniki o wysokiej wydajno\u015bci i mocy, sta\u0142ej nawet przy znacznych obci\u0105\u017ceniach. Modele bezszczotkowe\n    wykazuj\u0105 nie tylko doskona\u0142\u0105 dynamik\u0119 pracy, ale s\u0105 r\u00f3wnie\u017c tanie w eksploatacji. Sprzedajemy typy wysokoobrotowe, o\n    niezawodnej precyzji i du\u017cej dynamice pracy.<\/p>\n  <p>Poni\u017csze opisy pozwol\u0105 Pa\u0144stwu pozna\u0107 najwa\u017cniejsze parametry, kt\u00f3re charakteryzuj\u0105 serwonap\u0119dy Parvex.<\/p>\n  <p>Silnik dzia\u0142a w uk\u0142adzie wykonawczym pracuj\u0105cym w p\u0119tli sprz\u0119\u017cenia zwrotnego. Sk\u0142ada si\u0119 z motoru, sterownika i\n    enkodera.<\/p>\n  <p>Rekomendowane serwonap\u0119dy i silniki wyr\u00f3\u017cniaj\u0105 si\u0119:<\/p>\n  <ul>\n    <li>wysok\u0105 sprawno\u015bci\u0105<\/li>\n    <li>dynamicznym przyspieszeniem k\u0105towym wirnika<\/li>\n    <li>niskimi kosztami eksploatacji<\/li>\n    <li>du\u017c\u0105 dynamik\u0105 pracy<\/li>\n    <li>mo\u017cliwo\u015bciami regulacji r\u00f3wnie\u017c przy niskich obrotach<\/li>\n  <\/ul>\n  <h2>Serwonap\u0119dy (zasilacze) PARVEX<\/h2>\n  <table>\n    <thead>\n      <tr>\n        <th>TYP<\/th>\n        <th>OPIS<\/th>\n        <th>MOC\/PR\u0104D<\/th>\n      <\/tr>\n    <\/thead>\n    <tbody>\n      \t<tr>\n\t\t<td>RTS<\/td>\n\t\t<td>Zasilacze do DC serwomotor\u00f3w, zasilanie 1 i 3 fazowe oraz akum. kontrola U-RI lub tacho, zintegrowany opornik hamowania, panel, rack, 3U Eurocard<\/td>\n\t\t<td>do 6,5kW<br \/>3 do 40 A<br \/>32 do 150 VAC<\/td>\n\t\t<td><a href=\"\/BTT\/pdf\/parvex\/rts.pdf\" title=\"RTS\" class=\"pdf_icon\"><\/a><\/td>\t<\/tr>\n\t<tr>\n\t\t<td>DIGIVEX<\/td>\n\t\t<td><b>DLD<\/b><br \/>zasilanie 1 lub 3 x 230 VAC, wbudowany filtr EMC, zintegrowany opornik hamowania<\/td>\n\t\t<td>0,375 do 1,5kW<br \/>2 do 7,5 A<\/td>\n\t\t<td><a href=\"\/BTT\/pdf\/parvex\/digivex.pdf\" title=\"DIGIVEX\" class=\"pdf_icon\"><\/a><\/td>\t<\/tr>\n\t<tr>\n\t\t<td>DIGIVEX<\/td>\n\t\t<td><b>DSD\/DMD\/DPD<\/b><br \/>sterowanie jedno i wieloosiowe, zasilanie 230 i 400 VAC, wbudowane filtry, zintegrowany opornik hamowania, odzysk energii DPD<\/td>\n\t\t<td>0,37 do 120kW<br \/>2 do 300A<\/td>\n\t\t<td><a href=\"\/BTT\/pdf\/parvex\/digivex.pdf\" title=\"DIGIVEX\" class=\"pdf_icon\"><\/a><\/td>\t<\/tr>\n\t<tr>\n\t\t<td>DIGIVEX<\/td>\n\t\t<td><b>DSM\/DMM\/DPM<\/b><br \/>wbudowany PLC z oprogramowaniem, sterowanie po\u0142o\u017ceniem i obrotami, sterowanie jedno i wieloosiowe, zasilanie 230 i 400VAC, wbudowane filtry, zintegrowany opornik hamowania, odzysk energii DPM<\/td>\n\t\t<td>od 0,37 do 120kW<br \/>2 do 300A<\/td>\n\t\t<td><a href=\"\/BTT\/pdf\/parvex\/digivex.pdf\" title=\"DIGIVEX\" class=\"pdf_icon\"><\/a><\/td>\t<\/tr>\n    <\/tbody>\n  <\/table>\n  <h2>Serwomotory PARVEX<\/h2>\n  <table>\n    <thead>\n      <tr>\n        <th>TYP<\/th>\n        <th>OPIS<\/th>\n        <th>MOMENT\/MOC\/OBROTY<\/th>\n      <\/tr>\n    <\/thead>\n    <tbody>\n      \t<tr>\n\t\t<td>NX<\/td>\n\t\t<td>Serwomotory bezszczotkowe, precyzja i du\u017ca dynamika pracy<\/td>\n\t\t<td>0,45 do 64 Nm<br \/>0,2 do 13,7kW<br \/>do 7500 rpm<\/td>\n\t\t<td><a href=\"\/BTT\/pdf\/parvex\/nx.pdf\" title=\"NX\" class=\"pdf_icon\"><\/a><\/td>\t<\/tr>\n\t<tr>\n\t\t<td>EX<\/td>\n\t\t<td>Serwomotory ATEX do atmosfery wybuchowej, du\u017ca dynamika pracy<\/td>\n\t\t<td>1,75 do 35 Nm<\/td>\n\t\t<td><a href=\"\/BTT\/pdf\/parvex\/ex.pdf\" title=\"EX\" class=\"pdf_icon\"><\/a><\/td>\t<\/tr>\n\t<tr>\n\t\t<td>GX, GW<\/td>\n\t\t<td>Przek\u0142adnie do NX<\/td>\n\t\t<td><\/td>\n\t\t<td><a href=\"\/BTT\/pdf\/parvex\/gx-gl.pdf\" title=\"GX, GW\" class=\"pdf_icon\"><\/a><\/td>\t<\/tr>\n\t<tr>\n\t\t<td>TMW<\/td>\n\t\t<td>Silniki momentowe, wysoki moment dla ma\u0142ych obrot\u00f3w, brak przek\u0142adni<\/td>\n\t\t<td>1200 do 22000 Nm<br \/>do 394kW<\/td>\n\t\t<td><a href=\"\/BTT\/pdf\/parvex\/tmw.pdf\" title=\"TMW\" class=\"pdf_icon\"><\/a><\/td>\t<\/tr>\n\t<tr>\n\t\t<td>MGV<\/td>\n\t\t<td>Silniki wysokoobrotowe do test\u00f3w, ma\u0142a bezw\u0142adno\u015b\u0107, ch\u0142odzenie wod\u0105<\/td>\n\t\t<td>do 45000 rpm<br \/>do 200kW<\/td>\n\t\t<td><a href=\"\/BTT\/pdf\/parvex\/mgv.pdf\" title=\"MGV\" class=\"pdf_icon\"><\/a><\/td>\t<\/tr>\n\t<tr>\n\t\t<td>NV<\/td>\n\t\t<td>Wysokoobrotowe serwomotory, precyzja i du\u017ca dynamika pracy <\/td>\n\t\t<td>0,4 do 11,5 Nm<br \/>0,7 do 12kW<br \/>7000 do 17000 rpm<\/td>\n\t\t<td><a href=\"\/BTT\/pdf\/parvex\/nv1.pdf\" title=\"NV\" class=\"pdf_icon\"><\/a><\/td>\t<\/tr>\n\t<tr>\n\t\t<td>TK<\/td>\n\t\t<td>Silniki momentowe bez obudowy, starter i wirnik do zabudowy, prosta konstrukcja, ograniczone wymiary i masa<\/td>\n\t\t<td>do 21000 Nm<\/td>\n\t\t<td><a href=\"\/BTT\/pdf\/parvex\/tk.pdf\" title=\"TK\" class=\"pdf_icon\"><\/a><\/td>\t<\/tr>\n\t<tr>\n\t\t<td>HV<\/td>\n\t\t<td>Silniki synchroniczne wrzecion, wysoki moment dla niskich obrot\u00f3w, ma\u0142a bezw\u0142adno\u015b\u0107, du\u017ce przyspieszanie obrot\u00f3w<\/td>\n\t\t<td>17 do 140 Nm<br \/>4 do 50kW<br \/>do 8000 rpm<\/td>\n\t\t<td><a href=\"\/BTT\/pdf\/parvex\/hv.pdf\" title=\"HV\" class=\"pdf_icon\"><\/a><\/td>\t<\/tr>\n\t<tr>\n\t\t<td>SKW<\/td>\n\t\t<td>Silniki synchroniczne wrzecion bez obudowy, starter i wirnik do zabudowy, du\u017ca dynamika pracy<\/td>\n\t\t<td>2 do 20kW<br \/>do 12000 rpm<\/td>\n\t\t<td><a href=\"\/BTT\/pdf\/parvex\/skw.pdf\" title=\"SKW\" class=\"pdf_icon\"><\/a><\/td>\t<\/tr>\n\t<tr>\n\t\t<td>HKW<\/td>\n\t\t<td>Silniki AC bezszczotkowe bez obudowy, starter i wirnik do zabudowy, ch\u0142odzenie wod\u0105, du\u017ca dynamika pracy<\/td>\n\t\t<td>do 230kW<br \/>do 50000 rpm<\/td>\n\t\t<td><a href=\"\/BTT\/pdf\/parvex\/hkw.pdf\" title=\"HKW\" class=\"pdf_icon\"><\/a><\/td>\t<\/tr>\n\t<tr>\n\t\t<td>AXEM<\/td>\n\t\t<td>DC serwomotory tarczowe, wyj\u0105tkowa mo\u017cliwo\u015b\u0107 regulacji przy niskich obrotach, du\u017ca dynamika pracy<\/td>\n\t\t<td>0,1 do 20 Nm<\/td>\n\t\t<td><a href=\"\/BTT\/pdf\/parvex\/axem.pdf\" title=\"AXEM\" class=\"pdf_icon\"><\/a><\/td>\t<\/tr>\n\t<tr>\n\t\t<td>RS<\/td>\n\t\t<td>DC serwomotory, precyzja pracy, b. dobra praca przy niskich obrotach<\/td>\n\t\t<td>0,05 do 13 Nm<\/td>\n\t\t<td><a href=\"\/BTT\/pdf\/parvex\/rs.pdf\" title=\"RS\" class=\"pdf_icon\"><\/a><\/td>\t<\/tr>\n\t<tr>\n\t\t<td>RX<\/td>\n\t\t<td>DC serwomotory, dobra cena \/ jako\u015b\u0107<\/td>\n\t\t<td>0,3 do 8 Nm<\/td>\n\t\t<td><a href=\"\/BTT\/pdf\/parvex\/rx.pdf\" title=\"RX\" class=\"pdf_icon\"><\/a><\/td>\t<\/tr>\n    <\/tbody>\n  <\/table>\n<\/div>\n","protected":false},"excerpt":{"rendered":"","protected":false},"author":1,"featured_media":0,"parent":0,"menu_order":0,"comment_status":"closed","ping_status":"closed","template":"page-templates\/page_fullwidth.php","meta":{"_exactmetrics_skip_tracking":false,"_exactmetrics_sitenote_active":false,"_exactmetrics_sitenote_note":"","_exactmetrics_sitenote_category":0},"aioseo_notices":[],"_links":{"self":[{"href":"https:\/\/www.bttautomatyka.pl\/index.php\/wp-json\/wp\/v2\/pages\/39"}],"collection":[{"href":"https:\/\/www.bttautomatyka.pl\/index.php\/wp-json\/wp\/v2\/pages"}],"about":[{"href":"https:\/\/www.bttautomatyka.pl\/index.php\/wp-json\/wp\/v2\/types\/page"}],"author":[{"embeddable":true,"href":"https:\/\/www.bttautomatyka.pl\/index.php\/wp-json\/wp\/v2\/users\/1"}],"replies":[{"embeddable":true,"href":"https:\/\/www.bttautomatyka.pl\/index.php\/wp-json\/wp\/v2\/comments?post=39"}],"version-history":[{"count":0,"href":"https:\/\/www.bttautomatyka.pl\/index.php\/wp-json\/wp\/v2\/pages\/39\/revisions"}],"wp:attachment":[{"href":"https:\/\/www.bttautomatyka.pl\/index.php\/wp-json\/wp\/v2\/media?parent=39"}],"curies":[{"name":"wp","href":"https:\/\/api.w.org\/{rel}","templated":true}]}}