{"id":36,"date":"2016-01-28T13:27:45","date_gmt":"2016-01-28T12:27:45","guid":{"rendered":"http:\/\/wordpress\/?page_id=36"},"modified":"2018-11-09T12:00:02","modified_gmt":"2018-11-09T11:00:02","slug":"falowniki-power-electronics-sd500","status":"publish","type":"page","link":"https:\/\/www.bttautomatyka.pl\/index.php\/falowniki-power-electronics-sd500\/","title":{"rendered":"Falowniki Power Electronics SD500"},"content":{"rendered":"<div class=\"btt sd floatfix\">\n  <h1>Falowniki Power Electronics serii SD500<\/h1>\n  <p>Wielozadaniowe falowniki serii SD500 firmy POWER ELECTRONICS pozwalaj\u0105 na ich stosowanie m.in. w systemach sta\u0142ego\n    ci\u015bnienia wody i oczyszczalniach (sterowanie wieloma pompami), w klimatyzacji i wentylacji oraz w nap\u0119dach maszyn i\n    urz\u0105dze\u0144 gdzie wymagamy precyzyjnego sterowania. <\/p>\n  <img class=\"koko\" src=\"\/BTT\/img\/SD500big.jpg\" alt=\"Falowniki Power Electronics SD500\"\n    title=\"Falowniki Power Electronics SD500\" \/>\n  <ul>\n    <li>zasilanie 3x220V moc 1,5 \u00f7 30kW<\/li>\n    <li>zasilanie 3x400V moc 1,5 \u00f7 90kW<\/li>\n    <li>zakres temp. pracy: -10\u00b0C \u00f7 +50\u00b0C<\/li>\n    <li>w standardzie: Modbus, filtr RFI<\/li>\n    <li>praca wektorowa - w otwartej lub zamkni\u0119tej p\u0119tli<\/li>\n    <li>szeroki zakres zabezpiecze\u0144<\/li>\n    <li>dodatkowe modu\u0142y: enkodera, PLC, rozszerzenie wej\u015b\u0107\/wyj\u015b\u0107<\/li>\n    <li>komunikacja opcje: Profibus, Ethernet, CANopen, DeviceNet, LonWorks<\/li>\n    <li>obudowa: IP21<\/li>\n    <li>3 lata gwarancji<\/li>\n    <li>szybkie dostawy<\/li>\n  <\/ul>\n  <table>\n    \ufeff\t<thead>\n\t\t<tr>\n\t\t\t<th><\/th>\n\t\t\t<th><\/th>\n\t\t\t<th colspan=\"2\" class=\"darkred\">Ci\u0119\u017ckie warunki 50&deg;, 150% przeci\u0105\u017cenie<\/th>\n\t\t\t<th colspan=\"2\" class=\"green\">Normalne warunki 40&deg;, 120% przeci\u0105\u017cenie<\/th>\n\t\t\t<th><\/th>\n\t\t\t<th><\/th>\n\t\t\t<th><\/th>\n\t\t<\/tr>\n\t<\/thead>\n\t<thead>\n\t\t<tr>\n\t\t\t<th><\/th>\n\t\t\t<th>Symbol<\/th>\n\t\t\t<th>Pr\u0105d [A]<\/th>\n\t\t\t<th>Moc [kW]<\/th>\n\t\t\t<th>Pr\u0105d [A]<\/th>\n\t\t\t<th>Moc [kW]<\/th>\n\t\t\t<th>Zasilanie [V]<\/th>\n\t\t\t<th>Wymiary<\/th>\n\t\t\t<th>Netto<\/th>\n\t\t<\/tr>\n\t<\/thead>\n\t<tbody>\n\t\t<tr>\n\t\t\t<td>1<\/td>\n\t\t\t<td class=\"btt_name\">SD500242<\/td>\n\t\t\t<td class=\"btt_current_high\">2,8<\/td>\n\t\t\t<td class=\"btt_power_high\">0,75<\/td>\n\t\t\t<td class=\"btt_current_low\">4<\/td>\n\t\t\t<td class=\"btt_power_low\">1,5<\/td>\n\t\t\t<td class=\"btt_power_supply\">III 380-480<\/td>\n\t\t\t<td class=\"btt_dimensions\">150x197x248H<\/td>\n\t\t\t<td class=\"btt_price\">2820z\u0142<\/td>\n\t\t<\/tr>\n\t\t<tr>\n\t\t\t<td>2<\/td>\n\t\t\t<td class=\"btt_name\">SD500442<\/td>\n\t\t\t<td class=\"btt_current_high\">4<\/td>\n\t\t\t<td class=\"btt_power_high\">1,5<\/td>\n\t\t\t<td class=\"btt_current_low\">5,4<\/td>\n\t\t\t<td class=\"btt_power_low\">2,2<\/td>\n\t\t\t<td class=\"btt_power_supply\">III 380-480<\/td>\n\t\t\t<td class=\"btt_dimensions\">150x197x248H<\/td>\n\t\t\t<td class=\"btt_price\">2890z\u0142<\/td>\n\t\t<\/tr>\n\t\t<tr>\n\t\t\t<td>3<\/td>\n\t\t\t<td class=\"btt_name\">SD500642<\/td>\n\t\t\t<td class=\"btt_current_high\">6<\/td>\n\t\t\t<td class=\"btt_power_high\">2,2<\/td>\n\t\t\t<td class=\"btt_current_low\">8<\/td>\n\t\t\t<td class=\"btt_power_low\">3,7<\/td>\n\t\t\t<td class=\"btt_power_supply\">III 380-480<\/td>\n\t\t\t<td class=\"btt_dimensions\">150x197x248H<\/td>\n\t\t\t<td class=\"btt_price\">3010z\u0142<\/td>\n\t\t<\/tr>\n\t\t<tr>\n\t\t\t<td>4<\/td>\n\t\t\t<td class=\"btt_name\">SD500842<\/td>\n\t\t\t<td class=\"btt_current_high\">8<\/td>\n\t\t\t<td class=\"btt_power_high\">3,7<\/td>\n\t\t\t<td class=\"btt_current_low\">12<\/td>\n\t\t\t<td class=\"btt_power_low\">5,5<\/td>\n\t\t\t<td class=\"btt_power_supply\">III 380-480<\/td>\n\t\t\t<td class=\"btt_dimensions\">150x197x248H<\/td>\n\t\t\t<td class=\"btt_price\">3480z\u0142<\/td>\n\t\t<\/tr>\n\t\t<tr>\n\t\t\t<td>5<\/td>\n\t\t\t<td class=\"btt_name\">SD501242<\/td>\n\t\t\t<td class=\"btt_current_high\">12<\/td>\n\t\t\t<td class=\"btt_power_high\">5,5<\/td>\n\t\t\t<td class=\"btt_current_low\">16<\/td>\n\t\t\t<td class=\"btt_power_low\">7,5<\/td>\n\t\t\t<td class=\"btt_power_supply\">III 380-480<\/td>\n\t\t\t<td class=\"btt_dimensions\">200x222x355H<\/td>\n\t\t\t<td class=\"btt_price\">3600z\u0142<\/td>\n\t\t<\/tr>\n\t\t<tr>\n\t\t\t<td>6<\/td>\n\t\t\t<td class=\"btt_name\">SD501842<\/td>\n\t\t\t<td class=\"btt_current_high\">16,5<\/td>\n\t\t\t<td class=\"btt_power_high\">7,5<\/td>\n\t\t\t<td class=\"btt_current_low\">23<\/td>\n\t\t\t<td class=\"btt_power_low\">11<\/td>\n\t\t\t<td class=\"btt_power_supply\">III 380-480<\/td>\n\t\t\t<td class=\"btt_dimensions\">200x222x355H<\/td>\n\t\t\t<td class=\"btt_price\">4140z\u0142<\/td>\n\t\t<\/tr>\n\t\t<tr>\n\t\t\t<td>7<\/td>\n\t\t\t<td class=\"btt_name\">SD502442<\/td>\n\t\t\t<td class=\"btt_current_high\">24<\/td>\n\t\t\t<td class=\"btt_power_high\">11<\/td>\n\t\t\t<td class=\"btt_current_low\">32<\/td>\n\t\t\t<td class=\"btt_power_low\">15<\/td>\n\t\t\t<td class=\"btt_power_supply\">III 380-480<\/td>\n\t\t\t<td class=\"btt_dimensions\">250x281x385H<\/td>\n\t\t\t<td class=\"btt_price\">5430z\u0142<\/td>\n\t\t<\/tr>\n\t\t<tr>\n\t\t\t<td>8<\/td>\n\t\t\t<td class=\"btt_name\">SD503042<\/td>\n\t\t\t<td class=\"btt_current_high\">30<\/td>\n\t\t\t<td class=\"btt_power_high\">15<\/td>\n\t\t\t<td class=\"btt_current_low\">40<\/td>\n\t\t\t<td class=\"btt_power_low\">18,5<\/td>\n\t\t\t<td class=\"btt_power_supply\">III 380-480<\/td>\n\t\t\t<td class=\"btt_dimensions\">250x281x385H<\/td>\n\t\t\t<td class=\"btt_price\">6230z\u0142<\/td>\n\t\t<\/tr>\n\t\t<tr>\n\t\t\t<td>9<\/td>\n\t\t\t<td class=\"btt_name\">SD503942<\/td>\n\t\t\t<td class=\"btt_current_high\">39<\/td>\n\t\t\t<td class=\"btt_power_high\">18,2<\/td>\n\t\t\t<td class=\"btt_current_low\">48<\/td>\n\t\t\t<td class=\"btt_power_low\">22<\/td>\n\t\t\t<td class=\"btt_power_supply\">III 380-480<\/td>\n\t\t\t<td class=\"btt_dimensions\">280x295x462H<\/td>\n\t\t\t<td class=\"btt_price\">7890z\u0142<\/td>\n\t\t<\/tr>\n\t\t<tr>\n\t\t\t<td>10<\/td>\n\t\t\t<td class=\"btt_name\">SD504542<\/td>\n\t\t\t<td class=\"btt_current_high\">45<\/td>\n\t\t\t<td class=\"btt_power_high\">22<\/td>\n\t\t\t<td class=\"btt_current_low\">61<\/td>\n\t\t\t<td class=\"btt_power_low\">30<\/td>\n\t\t\t<td class=\"btt_power_supply\">III 380-480<\/td>\n\t\t\t<td class=\"btt_dimensions\">280x295x462H<\/td>\n\t\t\t<td class=\"btt_price\">9410z\u0142<\/td>\n\t\t<\/tr>\n\t\t<tr>\n\t\t\t<td>11<\/td>\n\t\t\t<td class=\"btt_name\">SD506042<\/td>\n\t\t\t<td class=\"btt_current_high\">61<\/td>\n\t\t\t<td class=\"btt_power_high\">30<\/td>\n\t\t\t<td class=\"btt_current_low\">78<\/td>\n\t\t\t<td class=\"btt_power_low\">37<\/td>\n\t\t\t<td class=\"btt_power_supply\">III 380-480<\/td>\n\t\t\t<td class=\"btt_dimensions\">300x300x594H<\/td>\n\t\t\t<td class=\"btt_price\">10940z\u0142<\/td>\n\t\t<\/tr>\n\t\t<tr>\n\t\t\t<td>12<\/td>\n\t\t\t<td class=\"btt_name\">SD507542<\/td>\n\t\t\t<td class=\"btt_current_high\">75<\/td>\n\t\t\t<td class=\"btt_power_high\">37<\/td>\n\t\t\t<td class=\"btt_current_low\">100<\/td>\n\t\t\t<td class=\"btt_power_low\">45<\/td>\n\t\t\t<td class=\"btt_power_supply\">III 380-480<\/td>\n\t\t\t<td class=\"btt_dimensions\">300x300x594H<\/td>\n\t\t\t<td class=\"btt_price\">11810z\u0142<\/td>\n\t\t<\/tr>\n\t\t<tr>\n\t\t\t<td>13<\/td>\n\t\t\t<td class=\"btt_name\">SD509042<\/td>\n\t\t\t<td class=\"btt_current_high\">91<\/td>\n\t\t\t<td class=\"btt_power_high\">45<\/td>\n\t\t\t<td class=\"btt_current_low\">115<\/td>\n\t\t\t<td class=\"btt_power_low\">55<\/td>\n\t\t\t<td class=\"btt_power_supply\">III 380-480<\/td>\n\t\t\t<td class=\"btt_dimensions\">300x300x594H<\/td>\n\t\t\t<td class=\"btt_price\">13640z\u0142<\/td>\n\t\t<\/tr>\n\t\t<tr>\n\t\t\t<td>14<\/td>\n\t\t\t<td class=\"btt_name\">SD511042<\/td>\n\t\t\t<td class=\"btt_current_high\">110<\/td>\n\t\t\t<td class=\"btt_power_high\">55<\/td>\n\t\t\t<td class=\"btt_current_low\">150<\/td>\n\t\t\t<td class=\"btt_power_low\">75<\/td>\n\t\t\t<td class=\"btt_power_supply\">III 380-480<\/td>\n\t\t\t<td class=\"btt_dimensions\">370x370x639H<\/td>\n\t\t\t<td class=\"btt_price\">16350z\u0142<\/td>\n\t\t<\/tr>\n\t\t<tr>\n\t\t\t<td>15<\/td>\n\t\t\t<td class=\"btt_name\">SD515042<\/td>\n\t\t\t<td class=\"btt_current_high\">152<\/td>\n\t\t\t<td class=\"btt_power_high\">75<\/td>\n\t\t\t<td class=\"btt_current_low\">180<\/td>\n\t\t\t<td class=\"btt_power_low\">90<\/td>\n\t\t\t<td class=\"btt_power_supply\">III 380-480<\/td>\n\t\t\t<td class=\"btt_dimensions\">370x370x639H<\/td>\n\t\t\t<td class=\"btt_price\">20700z\u0142<\/td>\n\t\t<\/tr>\n\t\t<tr>\n\t\t\t<td>16<\/td>\n\t\t\t<td class=\"btt_name\">SD500522<\/td>\n\t\t\t<td class=\"btt_current_high\">5<\/td>\n\t\t\t<td class=\"btt_power_high\">0,75<\/td>\n\t\t\t<td class=\"btt_current_low\">6,8<\/td>\n\t\t\t<td class=\"btt_power_low\">1,5<\/td>\n\t\t\t<td class=\"btt_power_supply\">III 200<\/td>\n\t\t\t<td class=\"btt_dimensions\">150x197x248H<\/td>\n\t\t\t<td class=\"btt_price\">2850z\u0142<\/td>\n\t\t<\/tr>\n\t\t<tr>\n\t\t\t<td>17<\/td>\n\t\t\t<td class=\"btt_name\">SD500822<\/td>\n\t\t\t<td class=\"btt_current_high\">8<\/td>\n\t\t\t<td class=\"btt_power_high\">1,5<\/td>\n\t\t\t<td class=\"btt_current_low\">11<\/td>\n\t\t\t<td class=\"btt_power_low\">2,2<\/td>\n\t\t\t<td class=\"btt_power_supply\">III 200<\/td>\n\t\t\t<td class=\"btt_dimensions\">150x197x248H<\/td>\n\t\t\t<td class=\"btt_price\">2970z\u0142<\/td>\n\t\t<\/tr>\n\t\t<tr>\n\t\t\t<td>18<\/td>\n\t\t\t<td class=\"btt_name\">SD501222<\/td>\n\t\t\t<td class=\"btt_current_high\">12<\/td>\n\t\t\t<td class=\"btt_power_high\">2,2<\/td>\n\t\t\t<td class=\"btt_current_low\">16<\/td>\n\t\t\t<td class=\"btt_power_low\">3,7<\/td>\n\t\t\t<td class=\"btt_power_supply\">III 200<\/td>\n\t\t\t<td class=\"btt_dimensions\">150x197x248H<\/td>\n\t\t\t<td class=\"btt_price\">3200z\u0142<\/td>\n\t\t<\/tr>\n\t\t<tr>\n\t\t\t<td>19<\/td>\n\t\t\t<td class=\"btt_name\">SD501622<\/td>\n\t\t\t<td class=\"btt_current_high\">16<\/td>\n\t\t\t<td class=\"btt_power_high\">3,7<\/td>\n\t\t\t<td class=\"btt_current_low\">22<\/td>\n\t\t\t<td class=\"btt_power_low\">5,5<\/td>\n\t\t\t<td class=\"btt_power_supply\">III 200<\/td>\n\t\t\t<td class=\"btt_dimensions\">150x197x248H<\/td>\n\t\t\t<td class=\"btt_price\">3850z\u0142<\/td>\n\t\t<\/tr>\n\t\t<tr>\n\t\t\t<td>20<\/td>\n\t\t\t<td class=\"btt_name\">SD502422<\/td>\n\t\t\t<td class=\"btt_current_high\">24<\/td>\n\t\t\t<td class=\"btt_power_high\">5,5<\/td>\n\t\t\t<td class=\"btt_current_low\">33<\/td>\n\t\t\t<td class=\"btt_power_low\">7,5<\/td>\n\t\t\t<td class=\"btt_power_supply\">III 200<\/td>\n\t\t\t<td class=\"btt_dimensions\">250x281x385H<\/td>\n\t\t\t<td class=\"btt_price\">4000z\u0142<\/td>\n\t\t<\/tr>\n\t\t<tr>\n\t\t\t<td>21<\/td>\n\t\t\t<td class=\"btt_name\">SD503022<\/td>\n\t\t\t<td class=\"btt_current_high\">32<\/td>\n\t\t\t<td class=\"btt_power_high\">7,5<\/td>\n\t\t\t<td class=\"btt_current_low\">44<\/td>\n\t\t\t<td class=\"btt_power_low\">11<\/td>\n\t\t\t<td class=\"btt_power_supply\">III 200<\/td>\n\t\t\t<td class=\"btt_dimensions\">250x281x385H<\/td>\n\t\t\t<td class=\"btt_price\">4470z\u0142<\/td>\n\t\t<\/tr>\n\t\t<tr>\n\t\t\t<td>22<\/td>\n\t\t\t<td class=\"btt_name\">SD504522<\/td>\n\t\t\t<td class=\"btt_current_high\">46<\/td>\n\t\t\t<td class=\"btt_power_high\">11<\/td>\n\t\t\t<td class=\"btt_current_low\">60<\/td>\n\t\t\t<td class=\"btt_power_low\">15<\/td>\n\t\t\t<td class=\"btt_power_supply\">III 200<\/td>\n\t\t\t<td class=\"btt_dimensions\">280x295x462H<\/td>\n\t\t\t<td class=\"btt_price\">5650z\u0142<\/td>\n\t\t<\/tr>\n\t\t<tr>\n\t\t\t<td>23<\/td>\n\t\t\t<td class=\"btt_name\">SD506022<\/td>\n\t\t\t<td class=\"btt_current_high\">60<\/td>\n\t\t\t<td class=\"btt_power_high\">15<\/td>\n\t\t\t<td class=\"btt_current_low\">74<\/td>\n\t\t\t<td class=\"btt_power_low\">18,5<\/td>\n\t\t\t<td class=\"btt_power_supply\">III 200<\/td>\n\t\t\t<td class=\"btt_dimensions\">280x295x462H<\/td>\n\t\t\t<td class=\"btt_price\">6820z\u0142<\/td>\n\t\t<\/tr>\n\t\t<tr>\n\t\t\t<td>24<\/td>\n\t\t\t<td class=\"btt_name\">SD507522<\/td>\n\t\t\t<td class=\"btt_current_high\">74<\/td>\n\t\t\t<td class=\"btt_power_high\">18,5<\/td>\n\t\t\t<td class=\"btt_current_low\">90<\/td>\n\t\t\t<td class=\"btt_power_low\">22<\/td>\n\t\t\t<td class=\"btt_power_supply\">III 200<\/td>\n\t\t\t<td class=\"btt_dimensions\">280x295x462H<\/td>\n\t\t\t<td class=\"btt_price\">8510z\u0142<\/td>\n\t\t<\/tr>\n\t\t<tr>\n\t\t\t<td>25<\/td>\n\t\t\t<td class=\"btt_name\">SD509022<\/td>\n\t\t\t<td class=\"btt_current_high\">88<\/td>\n\t\t\t<td class=\"btt_power_high\">22<\/td>\n\t\t\t<td class=\"btt_current_low\">120<\/td>\n\t\t\t<td class=\"btt_power_low\">30<\/td>\n\t\t\t<td class=\"btt_power_supply\">III 200<\/td>\n\t\t\t<td class=\"btt_dimensions\">280x295x462H<\/td>\n\t\t\t<td class=\"btt_price\">10240z\u0142<\/td>\n\t\t<\/tr>\n\t<\/tbody>\n  <\/table>\n<\/div>\n","protected":false},"excerpt":{"rendered":"","protected":false},"author":1,"featured_media":0,"parent":0,"menu_order":0,"comment_status":"closed","ping_status":"closed","template":"page-templates\/page_fullwidth.php","meta":{"_exactmetrics_skip_tracking":false,"_exactmetrics_sitenote_active":false,"_exactmetrics_sitenote_note":"","_exactmetrics_sitenote_category":0},"aioseo_notices":[],"_links":{"self":[{"href":"https:\/\/www.bttautomatyka.pl\/index.php\/wp-json\/wp\/v2\/pages\/36"}],"collection":[{"href":"https:\/\/www.bttautomatyka.pl\/index.php\/wp-json\/wp\/v2\/pages"}],"about":[{"href":"https:\/\/www.bttautomatyka.pl\/index.php\/wp-json\/wp\/v2\/types\/page"}],"author":[{"embeddable":true,"href":"https:\/\/www.bttautomatyka.pl\/index.php\/wp-json\/wp\/v2\/users\/1"}],"replies":[{"embeddable":true,"href":"https:\/\/www.bttautomatyka.pl\/index.php\/wp-json\/wp\/v2\/comments?post=36"}],"version-history":[{"count":1,"href":"https:\/\/www.bttautomatyka.pl\/index.php\/wp-json\/wp\/v2\/pages\/36\/revisions"}],"predecessor-version":[{"id":197,"href":"https:\/\/www.bttautomatyka.pl\/index.php\/wp-json\/wp\/v2\/pages\/36\/revisions\/197"}],"wp:attachment":[{"href":"https:\/\/www.bttautomatyka.pl\/index.php\/wp-json\/wp\/v2\/media?parent=36"}],"curies":[{"name":"wp","href":"https:\/\/api.w.org\/{rel}","templated":true}]}}