{"id":288,"date":"2023-07-13T16:41:37","date_gmt":"2023-07-13T14:41:37","guid":{"rendered":"https:\/\/www.bttautomatyka.pl\/?page_id=288"},"modified":"2023-07-13T16:46:04","modified_gmt":"2023-07-13T14:46:04","slug":"falowniki-parker-ac20","status":"publish","type":"page","link":"https:\/\/www.bttautomatyka.pl\/index.php\/falowniki-parker-ac20\/","title":{"rendered":"Falowniki PARKER AC20"},"content":{"rendered":"\n<div class=\"btt parker\">\r\n  <h1>Falowniki PARKER serii AC20 <span>(1,5-180kW)<\/span><br \/><\/h1>\r\n  <p>Falowniki og\u00f3lnego zastosowania Parker nowej serii AC20 wyposa\u017cone w zaawansowany modu\u0142 komunikacji Ethernet i STO\r\n    pozwalaj\u0105 na sterowanie silnikami asynchronicznymi w otwartej i zamkni\u0119tej p\u0119tli sprz\u0119\u017cenia zwrotnego oraz silnikami\r\n    PMAC w zakresie mocy 1.5-180 kW.<\/p>\r\n\r\n  <h3>Dane elektryczne<\/h3>\r\n  <table>\r\n    <tr>\r\n      <td>Napi\u0119cie zasilania<\/td>\r\n      <td>\r\n        <ul>\r\n          <li>220 ... 240 VAC \u00b110 % 1 faza<\/li>\r\n          <li>220 ... 240 VAC \u00b110 % 3 fazy<\/li>\r\n          <li>380 ... 480 VAC \u00b110 % 3 fazy<\/li>\r\n        <\/ul>\r\n      <\/td>\r\n    <\/tr>\r\n    <tr>\r\n      <td>Cz\u0119stotliwo\u015b\u0107 wej.<\/td>\r\n      <td>50\/60 Hz \u00b110 %<\/td>\r\n    <\/tr>\r\n    <tr>\r\n      <td>Zakres mocy<\/td>\r\n      <td>1.5\u2026180 kW Heavy Duty (HD) przeci\u0105\u017cenie 150% przez 60 s. wyj.<\/td>\r\n    <\/tr>\r\n    <tr>\r\n      <td>Cz\u0119stotliwo\u015b\u0107 wyj.<\/td>\r\n      <td>0.5\u2026590 Hz max<\/td>\r\n    <\/tr>\r\n    <tr>\r\n      <td>Cz\u0119stotliwo\u015b\u0107 kluczowania<\/td>\r\n      <td>Max. 12 kHz<\/td>\r\n    <\/tr>\r\n    <tr>\r\n      <td>STO<\/td>\r\n      <td>SIL2, PLd<\/td>\r\n    <\/tr>\r\n    <tr>\r\n      <td>Rodzaj pracy<\/td>\r\n      <td>V\/Hz, wektor : otwarta p\u0119tla lub zamkni\u0119ta p\u0119tla ( dotyczy silnik\u00f3w asynchronicznych )<\/td>\r\n    <\/tr>\r\n    <tr>\r\n      <td>Sprz\u0119\u017cenie zwrotne<\/td>\r\n      <td>Enkoder inkrementalny<\/td>\r\n    <\/tr>\r\n    <tr>\r\n      <td>\r\n        Interfejs komunikacyjny\r\n      <\/td>\r\n      <td>\r\n        <ul>\r\n          <li>Ethernet TCPIP<\/li>\r\n          <li>Ethernet IP<\/li>\r\n          <li>Profinet<\/li>\r\n          <li>Profibus ( opcja )<\/li>\r\n          <li>CanOpen ( opcja )<\/li>\r\n          <li>EtherCat ( opcja )<\/li>\r\n          <li>RS495\/Modbus ( opcja )<\/li>\r\n        <\/ul>\r\n      <\/td>\r\n    <\/tr>\r\n    <tr>\r\n      <td>Programowanie<\/td>\r\n      <td>DSELite<\/td>\r\n    <\/tr>\r\n    <tr>\r\n      <td>Typ silnika<\/td>\r\n      <td>Asynchroniczny lub PMAC<\/td>\r\n    <\/tr>\r\n  <\/table>\r\n\r\n  <h3>Dane \u015brodowiskowe<\/h3>\r\n  <table>\r\n    <tr>\r\n      <td>Temp. pracy<\/td>\r\n      <td>0-40 \u00b0C ( max. do 45 \u00b0C przy obni\u017ceniu mocy )*<\/td>\r\n    <\/tr>\r\n    <tr>\r\n      <td>Wilgotno\u015b\u0107<\/td>\r\n      <td>wzgl\u0119dna wilgotno\u015b\u0107 do 90% , bez kondensacji<\/td>\r\n    <\/tr>\r\n    <tr>\r\n      <td>Wibracja<\/td>\r\n      <td>\r\n        < 0.5 g<\/td>\r\n    <\/tr>\r\n    <tr>\r\n      <td>Wysoko\u015b\u0107 n.p.m.<\/td>\r\n      <td>0-1000 m ( zmniejszenie mocy 1% na 100m do max. 2000m)<\/td>\r\n    <\/tr>\r\n    <tr>\r\n      <td>Stopie\u0144 ochrony<\/td>\r\n      <td>IP 20<\/td>\r\n    <\/tr>\r\n    <tr>\r\n      <td>Stopie\u0144 zanieczyszczenia<\/td>\r\n      <td>Kategoria 2<\/td>\r\n    <\/tr>\r\n    <tr>\r\n      <td>Odporno\u015b\u0107 na substancje aktywne chemicznie<\/td>\r\n      <td>Zgodnie z EN60271-3-3: C3<\/td>\r\n    <\/tr>\r\n  <\/table>\r\n\r\n  <h3>Normy<\/h3>\r\n  <table>\r\n    <tr>\r\n      <td>Europa<\/td>\r\n      <td>\r\n        <span>Zgodno\u015b\u0107:<\/span>\r\n        <ul>\r\n          <li>dyrektywa niskonapieciowa 2006\/95\/EC<\/li>\r\n          <li>dyrektywa elektro-magnetyczna 2004\/108\/EC<\/li>\r\n          <li>EN61800-5-1:2007<\/li>\r\n          <li>EN61800-3:2014+A1:2012<\/li>\r\n        <\/ul>\r\n      <\/td>\r\n    <\/tr>\r\n    <tr>\r\n      <td>Ameryka P\u00f3\u0142nocna \/ Kanada<\/td>\r\n      <td>\r\n        <span>Zgodno\u015b\u0107:<\/span>\r\n        <ul>\r\n          <li>UL508C<\/li>\r\n          <li>CSA22.2 #14<\/li>\r\n        <\/ul>\r\n      <\/td>\r\n    <\/tr>\r\n    <tr>\r\n      <td>STO<\/td>\r\n      <td>\r\n        <span>Certyfikaty:<\/span>\r\n        <ul>\r\n          <li>EN ISO13849-1:2015<\/li>\r\n          <li>EN 61800-5-2:2017<\/li>\r\n          <li>EN 61508<\/li>\r\n        <\/ul>\r\n      <\/td>\r\n    <\/tr>\r\n    <tr>\r\n      <td>RoHS<\/td>\r\n      <td>Zgodnie z dyrektyw\u0105 EC 2011\/65\/EU<\/td>\r\n    <\/tr>\r\n    <tr>\r\n      <td>REACH<\/td>\r\n      <td>Zgodnie z regulacj\u0105 REACH EC1907\/2006<\/td>\r\n    <\/tr>\r\n  <\/table>\r\n\r\n<\/div>\n","protected":false},"excerpt":{"rendered":"","protected":false},"author":1,"featured_media":0,"parent":0,"menu_order":0,"comment_status":"closed","ping_status":"closed","template":"","meta":{"_exactmetrics_skip_tracking":false,"_exactmetrics_sitenote_active":false,"_exactmetrics_sitenote_note":"","_exactmetrics_sitenote_category":0},"aioseo_notices":[],"_links":{"self":[{"href":"https:\/\/www.bttautomatyka.pl\/index.php\/wp-json\/wp\/v2\/pages\/288"}],"collection":[{"href":"https:\/\/www.bttautomatyka.pl\/index.php\/wp-json\/wp\/v2\/pages"}],"about":[{"href":"https:\/\/www.bttautomatyka.pl\/index.php\/wp-json\/wp\/v2\/types\/page"}],"author":[{"embeddable":true,"href":"https:\/\/www.bttautomatyka.pl\/index.php\/wp-json\/wp\/v2\/users\/1"}],"replies":[{"embeddable":true,"href":"https:\/\/www.bttautomatyka.pl\/index.php\/wp-json\/wp\/v2\/comments?post=288"}],"version-history":[{"count":3,"href":"https:\/\/www.bttautomatyka.pl\/index.php\/wp-json\/wp\/v2\/pages\/288\/revisions"}],"predecessor-version":[{"id":291,"href":"https:\/\/www.bttautomatyka.pl\/index.php\/wp-json\/wp\/v2\/pages\/288\/revisions\/291"}],"wp:attachment":[{"href":"https:\/\/www.bttautomatyka.pl\/index.php\/wp-json\/wp\/v2\/media?parent=288"}],"curies":[{"name":"wp","href":"https:\/\/api.w.org\/{rel}","templated":true}]}}