{"id":285,"date":"2023-06-30T00:07:55","date_gmt":"2023-06-29T22:07:55","guid":{"rendered":"https:\/\/www.bttautomatyka.pl\/?page_id=285"},"modified":"2023-06-30T00:07:55","modified_gmt":"2023-06-29T22:07:55","slug":"falowniki-parker-ac15","status":"publish","type":"page","link":"https:\/\/www.bttautomatyka.pl\/index.php\/falowniki-parker-ac15\/","title":{"rendered":"Falowniki PARKER AC15"},"content":{"rendered":"<div class=\"btt parker\">\r\n  <h1>Falowniki PARKER serii AC15 <span>(0,37-30kW)<\/span><br \/><\/h1>\r\n  <p>AC15 Compact Drive to proste w obs\u0142udze, niezawodne i ekonomiczne rozwi\u0105zanie do codziennych zastosowa\u0144 sterowania\r\n    silnikami, kt\u00f3re wymagaj\u0105 kontroli pr\u0119dko\u015bci lub momentu obrotowego w zakresie mocy od 0,37 kW do 30 kW. Jego\r\n    kompaktowe wymiary obejmuj\u0105 funkcje zwykle kojarzone tylko z nap\u0119dami o wy\u017cszych parametrach, w tym funkcj\u0119 Safe\r\n    Torque Off, komunikacj\u0119 Ethernet, bezczujnikowy tryb wektorowy do sterowania zar\u00f3wno silnikami z magnesami trwa\u0142ymi\r\n    (PMAC), jak i silnikami indukcyjnymi pr\u0105du przemiennego oraz pe\u0142ne 150% przeci\u0105\u017cenie przez 1 minut\u0119, AC15 zapewnia\r\n    zoptymalizowane rozwi\u0105zanie dla producent\u00f3w maszyn OEM poszukuj\u0105cych kompaktowego, ekonomicznego nap\u0119du bez\r\n    uszczerbku dla wydajno\u015bci.<\/p>\r\n  <h2>Charakterystyka:<\/h2>\r\n\r\n  <h3>Prostota:<\/h3>\r\n  <ul>\r\n    <li>\u0141atwa konfiguracja za pomoc\u0105 bezp\u0142atnego oprogramowania Parker DSELite<\/li>\r\n    <li>Przejrzysta intuicyjna klawiatura do lokalnej konfiguracji i sterowania<\/li>\r\n    <li>Brak skomplikowanych opcji\/konfigurator\u00f3w \u2013 wszystkie funkcje dost\u0119pne w podstawowym falowniku<\/li>\r\n    <li>Wbudowany port Ethernet do programowania i komunikacji Modbus TCPIP<\/li>\r\n    <li>Uchwyt do okablowania (dost\u0119pny osobno) upraszcza instalacj\u0119<\/li>\r\n  <\/ul>\r\n  <h3>Bezpiecze\u0144stwo i niezawodno\u015b\u0107:<\/h3>\r\n  <ul>\r\n    <li>Pow\u0142oka ochronna w standardzie zapewniaj\u0105ca ochron\u0119 przed trudnymi warunkami \u015brodowiskowymi<\/li>\r\n    <li>Sprawdzona konstrukcja i technologia stopnia mocy<\/li>\r\n    <li>Wymienne wentylatory<\/li>\r\n    <li>Bezpieczne wy\u0142\u0105czanie momentu: SIL2, PLd<\/li>\r\n    <li>Gniazdo kart SD do tworzenia kopii zapasowych aplikacji<\/li>\r\n  <\/ul>\r\n  <h3>Aplikacje:<\/h3>\r\n  <ul>\r\n    <li>Przeno\u015bniki<\/li>\r\n    <li>Wentylatory<\/li>\r\n    <li>Miksery<\/li>\r\n    <li>Maszyny pakuj\u0105ce<\/li>\r\n    <li>Tekstylny<\/li>\r\n    <li>Textile Machines<\/li>\r\n    <li>Wi\u0105zarki<\/li>\r\n    <li>Maszyny do etykietowania<\/li>\r\n    <li>Pralki przemys\u0142owe<\/li>\r\n    <li>Wrzeciona obrabiarek<\/li>\r\n    <li>Bramy rolowane<\/li>\r\n  <\/ul>\r\n  <h3>Specyfikacja techniczna:<\/h3>\r\n  <ul>\r\n    <li>Zakres mocy 0,37kW-30kW<\/li>\r\n    <li>Zakres napi\u0119cia 230-480VAC<\/li>\r\n    <li>Dedykowane zaciski wej\u015bciowe termistora<\/li>\r\n    <li>3 wyj\u015bcia analogowe, 2 wej\u015bcia analogowe, 8 wej\u015b\u0107 cyfrowych, 2 wyj\u015bcia cyfrowe + 1 wyj\u015bcie przeka\u017anikowe<\/li>\r\n    <li>Pr\u0105d up\u0142ywowy: >10 mA (wszystkie modele)<\/li>\r\n    <li>Stopie\u0144 ochrony produktu: IP20 (Europa)<\/li>\r\n    <li>Maksymalna cz\u0119stotliwo\u015b\u0107 prze\u0142\u0105czania: 10 kHz<\/li>\r\n    <li>Cz\u0119stotliwo\u015b\u0107 wyj\u015bciowa: 0...590 Hz<\/li>\r\n    <li>Wilgotno\u015b\u0107 podczas pracy: Maksymalnie 85% wilgotno\u015bci wzgl\u0119dnej przy 40\u00b0C bez kondensacji<\/li>\r\n    <li>Atmosfera: Niepalna, niekorozyjna i wolna od kurzu<\/li>\r\n  <\/ul>\r\n  <h3>Standardy:<\/h3>\r\n  <ul>\r\n    <li>Kategoria przepi\u0119ciowa: Kategoria przepi\u0119ciowa III (liczba okre\u015blaj\u0105ca poziom wytrzyma\u0142o\u015bci udarowej)<\/li>\r\n    <li>Stopie\u0144 zanieczyszczenia: Stopie\u0144 zanieczyszczenia II<\/li>\r\n    <li>Spe\u0142nia wymagania UL 61800-5-1 i CSA22.2#274-17 jako dysk typu otwartego<\/li>\r\n    <li>Zgodno\u015b\u0107 z dyrektyw\u0105 niskonapi\u0119ciow\u0105 2014\/30\/EU<\/li>\r\n    <li>Znak CE zgodnie z 2006\/42\/EC (EMC Directive)<\/li>\r\n    <li>Spe\u0142nia wymogi dyrektywy RoHS dotycz\u0105ce substancji zgodnie z dyrektyw\u0105 WE 2011\/65\/UE<\/li>\r\n  <\/ul>\r\n  <h3>Funkcje oprogramowania:<\/h3>\r\n  <ul>\r\n    <li>\u0141apanie obracaj\u0105cego si\u0119 \u0142adunku \u2014 \u201e\u0142apanie w locie: Algorytmy sterowania wentylatorem umo\u017cliwiaj\u0105 AC15\r\n      wykrycie, kiedy wentylator obraca si\u0119 swobodnie i odzyskanie nad nim kontroli przed uruchomieniem go z zadan\u0105\r\n      pr\u0119dko\u015bci\u0105.<\/li>\r\n    <li>Sterowanie PID: Mo\u017cna zaprogramowa\u0107 wiele p\u0119tli sterowania PID, aby monitorowa\u0107 zmienne procesowe i odpowiednio\r\n      dostosowywa\u0107 pr\u0119dko\u015b\u0107 silnika, aby osi\u0105gn\u0105\u0107 wymagan\u0105 warto\u015b\u0107 zadan\u0105 zmiennej.<\/li>\r\n    <li>Podstawowe us\u0142ugi (tryb po\u017carowy): wybrany przez wej\u015bcie cyfrowe, tryb po\u017carowy spowoduje ci\u0105g\u0142\u0105 prac\u0119\r\n      przemiennika z maksymaln\u0105 zaprogramowan\u0105 pr\u0119dko\u015bci\u0105, ignoruj\u0105c wszystkie inne sygna\u0142y steruj\u0105ce i stany alarmowe.\r\n    <\/li>\r\n    <li>Optymalizacja energii: W warunkach sta\u0142ej pr\u0119dko\u015bci przebiegi mocy silnika z przemiennika s\u0105 optymalizowane w\r\n      celu zmniejszenia zu\u017cycia energii przez silnik bez uszczerbku dla wydajno\u015bci.<\/li>\r\n    <li>Pomi\u0144 cz\u0119stotliwo\u015bci: Mo\u017cna zaprogramowa\u0107 do 4 pasm pr\u0119dko\u015bci i cz\u0119stotliwo\u015bci, aby unikn\u0105\u0107 rezonansowych\r\n      punkt\u00f3w obci\u0105\u017cenia, zmniejszaj\u0105c wibracje, zu\u017cycie i ha\u0142as.<\/li>\r\n    <li>Programowalna wielostopniowa regulacja pr\u0119dko\u015bci: mo\u017cna zaprogramowa\u0107 8 etap\u00f3w cyklicznych<\/li>\r\n    <li>Liczniki czasu procesu: mo\u017cna zaprogramowa\u0107 wiele godzin pracy zegara, aby generowa\u0107 alerty tekstowe na\r\n      klawiaturze przemiennika, aby zbieg\u0142y si\u0119 one z okresami konserwacji procesu.<\/li>\r\n    <li>70 \u201eblok\u00f3w funkcyjnych\u201d oprogramowania, kt\u00f3re mog\u0105 by\u0107 po\u0142\u0105czone ze sob\u0105 nawet 100 \u201elinkami\u201d, zapewnia pot\u0119\u017cn\u0105\r\n      platform\u0119 aplikacji.<\/li>\r\n  <\/ul>\r\n\r\n  <h2>Specyfikacja techniczna:<\/h2>\r\n  <table>\r\n    <tr>\r\n      <td>Marka:<\/td>\r\n      <td>Parker<\/td>\r\n      <td>Typ produktu:<\/td>\r\n      <td>Nap\u0119d AC<\/td>\r\n    <\/tr>\r\n    <tr>\r\n      <td>Typ osi nap\u0119dowej:<\/td>\r\n      <td>Technologia pojedynczej osi<\/td>\r\n      <td>Seria produktu:<\/td>\r\n      <td>AC15<\/td>\r\n    <\/tr>\r\n    <tr>\r\n      <td>Napi\u0119cie wej\u015bciowe:<\/td>\r\n      <td>1*230VAC<br>3*230VAC<br>3*380-480VAC<\/span><\/td>\r\n      <td>Moc wyj\u015bciowa:<\/td>\r\n      <td>0.37 - 30 kW<\/td>\r\n    <\/tr>\r\n    <tr>\r\n      <td>Kompatybilny typ silnika:<\/td>\r\n      <td>Indukcja PMAC<\/td>\r\n      <td>Tryby sterowania:<\/td>\r\n      <td><span>V\/Hz<br>Sensorless Vector<\/span><\/td>\r\n    <\/tr>\r\n    <tr>\r\n      <td>Interfejs komunikacji:<\/td>\r\n      <td><span>Modbus TCP\/IP<br>Ethernet IP (Frames 2-5)<\/span><\/td>\r\n      <td>Temperatura robocza:<\/td>\r\n      <td><span>0-40\u00b0C \/ obni\u017cenie warto\u015bci znamionowych do maks. 45\u00b0C, 32-104\u00b0F \/ obni\u017cenie warto\u015bci znamionowych do\r\n          maks. 113\u00b0F<\/span><\/td>\r\n    <\/tr>\r\n    <tr>\r\n      <td>Wysoko\u015b\u0107 robocza:<\/td>\r\n      <td><span>Up to 1000m ASL (derate &gt; 1000m)<\/span><\/td>\r\n      <td>Ocena przeci\u0105\u017cenia:<\/td>\r\n      <td><span>Heavy Duty Rating : 150% for 60s<\/span><\/td>\r\n    <\/tr>\r\n    <tr>\r\n      <td>Specyfikacje spe\u0142nione:<\/td>\r\n      <td><span>CE (EMC i LVD)<br>UKCA<br>wpisany na list\u0119 UL<br>wpisany na list\u0119 cUL<br>zgodno\u015b\u0107 z dyrektyw\u0105\r\n          RoHS<br>kategoria przepi\u0119\u0107 III<br>stopie\u0144 zanieczyszczenia II<\/span><\/td>\r\n    <\/tr>\r\n  <\/table>\r\n\r\n\r\n  <h3>Dane elektryczne<\/h3>\r\n  <table>\r\n    <tr>\r\n      <td>Napi\u0119cie zasilania<\/td>\r\n      <td>\r\n        <ul>\r\n          <li>220 ... 240 VAC \u00b110 % 1 faza<\/li>\r\n          <li>220 ... 240 VAC \u00b110 % 3 fazy<\/li>\r\n          <li>380 ... 480 VAC \u00b110 % 3 fazy<\/li>\r\n        <\/ul>\r\n      <\/td>\r\n    <\/tr>\r\n    <tr>\r\n      <td>Cz\u0119stotliwo\u015b\u0107 wej.<\/td>\r\n      <td>50\/60 Hz \u00b110 %<\/td>\r\n    <\/tr>\r\n    <tr>\r\n      <td>Zakres mocy<\/td>\r\n      <td>0.37-30 kW Heavy Duty (HD) przeci\u0105\u017cenie 150% przez 60 s. wyj.<\/td>\r\n    <\/tr>\r\n    <tr>\r\n      <td>Cz\u0119stotliwo\u015b\u0107 wyj.<\/td>\r\n      <td>0.5\u2026590 Hz max<\/td>\r\n    <\/tr>\r\n    <tr>\r\n      <td>Cz\u0119stotliwo\u015b\u0107 kluczowania<\/td>\r\n      <td>Max. 10 kHz<\/td>\r\n    <\/tr>\r\n    <tr>\r\n      <td>STO<\/td>\r\n      <td>SIL2, PLd<\/td>\r\n    <\/tr>\r\n    <tr>\r\n      <td>Rodzaj pracy<\/td>\r\n      <td>V\/Hz, wektor : otwarta p\u0119tla ( dotyczy silnik\u00f3w asynchronicznych )<\/td>\r\n    <\/tr>\r\n    <tr>\r\n      <td>Sprz\u0119\u017cenie zwrotne<\/td>\r\n      <td>brak<\/td>\r\n    <\/tr>\r\n    <tr>\r\n      <td>Interfejs komunikacyjny<\/td>\r\n      <td>\r\n        <ul>\r\n          <li>Modbus TCP\/IP<\/li>\r\n          <li>Ethernet IP ( wielko\u015bc 2-5)<\/li>\r\n        <\/ul>\r\n      <\/td>\r\n    <\/tr>\r\n    <tr>\r\n      <td>Programowanie<\/td>\r\n      <td>DSELite<\/td>\r\n    <\/tr>\r\n    <tr>\r\n      <td>Typ silnika<\/td>\r\n      <td>Asynchroniczny lub PMAC<\/td>\r\n    <\/tr>\r\n  <\/table>\r\n\r\n  <h3>Dane \u015brodowiskowe<\/h3>\r\n  <table>\r\n    <tr>\r\n      <td>Temp. pracy<\/td>\r\n      <td>0-40 \u00b0C ( max. do 45 \u00b0C przy obni\u017ceniu mocy )*<\/td>\r\n    <\/tr>\r\n    <tr>\r\n      <td>Wilgotno\u015b\u0107<\/td>\r\n      <td>wzgledna wilgotno\u015b\u0107 do 90% , bez kondensacji<\/td>\r\n    <\/tr>\r\n    <tr>\r\n      <td>Wibracja<\/td>\r\n      <td>\r\n        < 0.5 g<\/td>\r\n    <\/tr>\r\n    <tr>\r\n      <td>Wysoko\u015b\u0107 n.p.m.<\/td>\r\n      <td>0-1000 m ( zmniejszenie mocy 1% na 100m do max. 2000m)<\/td>\r\n    <\/tr>\r\n    <tr>\r\n      <td>Stopie\u0144 ochrony<\/td>\r\n      <td>IP 20<\/td>\r\n    <\/tr>\r\n    <tr>\r\n      <td>Stopie\u0144 zanieczyszczenia<\/td>\r\n      <td>Kategoria 2<\/td>\r\n    <\/tr>\r\n    <tr>\r\n      <td>Odporno\u015b\u0107 na substancje aktywne chemicznie<\/td>\r\n      <td>Zgodnie z EN60271-3-3: C3<\/td>\r\n    <\/tr>\r\n  <\/table>\r\n\r\n\r\n  <h3>Normy<\/h3>\r\n  <table>\r\n    <tr>\r\n      <td>Europa<\/td>\r\n      <td>\r\n        <span>Zgodno\u015b\u0107:<\/span>\r\n        <ul>\r\n          <li>dyrektywa niskonapieciowa 2006\/95\/EC<\/li>\r\n          <li>dyrektywa elektro-magnetyczna 2004\/108\/EC<\/li>\r\n          <li>EN61800-5-1:2007<\/li>\r\n          <li>EN61800-3:2014+A1:2012<\/li>\r\n        <\/ul>\r\n      <\/td>\r\n    <\/tr>\r\n    <tr>\r\n      <td>Ameryka P\u00f3\u0142nocna \/ Kanada<\/td>\r\n      <td>\r\n        <span>Zgodno\u015b\u0107:<\/span>\r\n        <ul>\r\n          <li>UL508C<\/li>\r\n          <li>CSA22.2 #14<\/li>\r\n        <\/ul>\r\n      <\/td>\r\n    <\/tr>\r\n    <tr>\r\n      <td>STO<\/td>\r\n      <td>\r\n        <span>Certyfikaty:<\/span>\r\n        <ul>\r\n          <li>EN ISO13849-1:2015<\/li>\r\n          <li>EN 61800-5-2:2017<\/li>\r\n          <li>EN 61508<\/li>\r\n        <\/ul>\r\n      <\/td>\r\n    <\/tr>\r\n    <tr>\r\n      <td>RoHS<\/td>\r\n      <td><\/td>\r\n    <\/tr>\r\n    <tr>\r\n      <td>REACH<\/td>\r\n      <td><\/td>\r\n    <\/tr>\r\n  <\/table>\r\n\r\n<\/div>\n","protected":false},"excerpt":{"rendered":"","protected":false},"author":1,"featured_media":0,"parent":0,"menu_order":0,"comment_status":"closed","ping_status":"closed","template":"page-templates\/page_fullwidth.php","meta":{"_exactmetrics_skip_tracking":false,"_exactmetrics_sitenote_active":false,"_exactmetrics_sitenote_note":"","_exactmetrics_sitenote_category":0},"aioseo_notices":[],"_links":{"self":[{"href":"https:\/\/www.bttautomatyka.pl\/index.php\/wp-json\/wp\/v2\/pages\/285"}],"collection":[{"href":"https:\/\/www.bttautomatyka.pl\/index.php\/wp-json\/wp\/v2\/pages"}],"about":[{"href":"https:\/\/www.bttautomatyka.pl\/index.php\/wp-json\/wp\/v2\/types\/page"}],"author":[{"embeddable":true,"href":"https:\/\/www.bttautomatyka.pl\/index.php\/wp-json\/wp\/v2\/users\/1"}],"replies":[{"embeddable":true,"href":"https:\/\/www.bttautomatyka.pl\/index.php\/wp-json\/wp\/v2\/comments?post=285"}],"version-history":[{"count":1,"href":"https:\/\/www.bttautomatyka.pl\/index.php\/wp-json\/wp\/v2\/pages\/285\/revisions"}],"predecessor-version":[{"id":286,"href":"https:\/\/www.bttautomatyka.pl\/index.php\/wp-json\/wp\/v2\/pages\/285\/revisions\/286"}],"wp:attachment":[{"href":"https:\/\/www.bttautomatyka.pl\/index.php\/wp-json\/wp\/v2\/media?parent=285"}],"curies":[{"name":"wp","href":"https:\/\/api.w.org\/{rel}","templated":true}]}}