{"id":169,"date":"2018-02-09T11:57:53","date_gmt":"2018-02-09T10:57:53","guid":{"rendered":"http:\/\/www.bttautomatyka.pl\/?page_id=169"},"modified":"2018-02-09T11:57:53","modified_gmt":"2018-02-09T10:57:53","slug":"kwadratowe-silniki-ac","status":"publish","type":"page","link":"https:\/\/www.bttautomatyka.pl\/index.php\/kwadratowe-silniki-ac\/","title":{"rendered":"&#8222;Kwadratowe&#8221; silniki AC"},"content":{"rendered":"<div class=\"btt kwadratowe floatfix\">\n  <h1>\"Kwadratowe\" silniki AC<\/h1>\n  <p>Firma T-T Electric oferuje seri\u0119 \u201ckwadratowych\u201d asynchronicznych tr\u00f3jfazowych silnik\u00f3w do wsp\u00f3lpracy z falownikami.\n    Silniki te zosta\u0142y tak zaprojektowane, \u017ceby osi\u0105gn\u0105\u0107 tak\u0105 sam\u0105 dynamik\u0119 pracy jak silniki DC. Sta\u0142a charakterystyka\n    momentowa do 150% pr\u0119dkosci nominalnej. \u201cKwadratowa\u201d konstrukcja oraz wzniosy jak w silnikach DC pozwalaj\u0105 w \u0142atwy\n    spos\u00f3b wymienic silnik DC na nowy odpowiednik AC.<\/p>\n  <h2>Silniki AMP \u2013 zakres oferty<\/h2>\n  <img class=\"koko\" src=\"\/BTT\/img\/kwadratowe1.jpg\" title=\"Silniki Kwadratowe AMP\" \/>\n  <ul>\n    <li>wznios od 112 do 355 mm<\/li>\n    <li>moc od 15 do 1600 kW<\/li>\n    <li>ochrona IP23 - IP55<\/li>\n    <li>r\u00f3\u017cne warianty ch\u0142odzenia<\/li>\n    <li>r\u00f3\u017cne warianty mocowania<\/li>\n    <li>du\u017cy wyb\u00f3r akcesori\u00f3w<\/li>\n  <\/ul>\n  <a href=\"\/BTT\/pdf\/AMP SERIE 112-355-EU.pdf\" title=\"Silniki Kwadratowe AMP - Dokumentacja\" class=\"pdf_icon\">Opis<\/a>\n  <h2>Silniki AMS \u2013 zakres oferty<\/h2>\n  <img class=\"koko\" src=\"\/BTT\/img\/kwadratowe2.jpg\" title=\"Silniki Kwadratowe AMS\" \/>\n  <ul>\n    <li>wznios od 71 do 132 mm<\/li>\n    <li>moc od 0.37 do 50 kW<\/li>\n    <li>ochrona IP54<\/li>\n    <li>ch\u0142odzenie IC416<\/li>\n    <li>du\u017cy wyb\u00f3r akcesori\u00f3w<\/li>\n  <\/ul>\n  <a href=\"\/BTT\/pdf\/AMS71-132EU.pdf\" title=\"Silniki Kwadratowe AMS - Dokumentacja\" class=\"pdf_icon\">Opis<\/a>\n  <h2>Wszechstronno\u015b\u0107<\/h2>\n  <ul>\n    <li>mo\u017cliwo\u015b\u0107 adaptacji mocowania, ko\u0142nierza, wa\u0142u<\/li>\n    <li>dostosowanie parametr\u00f3w elektrycznych<\/li>\n  <\/ul>\n  <h2>Dedykowane do wsp\u00f3\u0142pracy z falownikiem wektorowym<\/h2>\n  <ul>\n    <li>pozycja pracy : dowolna<\/li>\n    <li>smarowane \u0142o\u017cyska kulkowe<\/li>\n  <\/ul>\n<\/div>\n","protected":false},"excerpt":{"rendered":"","protected":false},"author":1,"featured_media":0,"parent":0,"menu_order":0,"comment_status":"closed","ping_status":"closed","template":"page-templates\/page_fullwidth.php","meta":{"_exactmetrics_skip_tracking":false,"_exactmetrics_sitenote_active":false,"_exactmetrics_sitenote_note":"","_exactmetrics_sitenote_category":0},"aioseo_notices":[],"_links":{"self":[{"href":"https:\/\/www.bttautomatyka.pl\/index.php\/wp-json\/wp\/v2\/pages\/169"}],"collection":[{"href":"https:\/\/www.bttautomatyka.pl\/index.php\/wp-json\/wp\/v2\/pages"}],"about":[{"href":"https:\/\/www.bttautomatyka.pl\/index.php\/wp-json\/wp\/v2\/types\/page"}],"author":[{"embeddable":true,"href":"https:\/\/www.bttautomatyka.pl\/index.php\/wp-json\/wp\/v2\/users\/1"}],"replies":[{"embeddable":true,"href":"https:\/\/www.bttautomatyka.pl\/index.php\/wp-json\/wp\/v2\/comments?post=169"}],"version-history":[{"count":1,"href":"https:\/\/www.bttautomatyka.pl\/index.php\/wp-json\/wp\/v2\/pages\/169\/revisions"}],"predecessor-version":[{"id":170,"href":"https:\/\/www.bttautomatyka.pl\/index.php\/wp-json\/wp\/v2\/pages\/169\/revisions\/170"}],"wp:attachment":[{"href":"https:\/\/www.bttautomatyka.pl\/index.php\/wp-json\/wp\/v2\/media?parent=169"}],"curies":[{"name":"wp","href":"https:\/\/api.w.org\/{rel}","templated":true}]}}