{"id":143,"date":"2016-11-07T11:23:46","date_gmt":"2016-11-07T10:23:46","guid":{"rendered":"http:\/\/www.bttautomatyka.pl\/?page_id=143"},"modified":"2016-11-07T11:26:08","modified_gmt":"2016-11-07T10:26:08","slug":"falowniki-parker-890","status":"publish","type":"page","link":"https:\/\/www.bttautomatyka.pl\/index.php\/falowniki-parker-890\/","title":{"rendered":"Falowniki PARKER 890"},"content":{"rendered":"<div class=\"btt parker\">\n  <h1>Falowniki PARKER serii 890 <br \/><span>(0.55 - 1200kW)<\/span><\/h1>\n  <p>Falowniki 890 to kompaktowy lub modularny system nap\u0119dowy do kontroli pr\u0119dko\u015bci i po\u0142o\u017cenia w otwartej lub\n    zamkni\u0119tej p\u0119tli uk\u0142ad\u00f3w jedno lub wielosilnikowych AC lub serwo. Wyposa\u017cony w modu\u0142 STO. Dost\u0119pne w wersji kompakt\n    do nap\u0119du jednego silnika lub modularnej na wsp\u00f3lnej szynie DC (jeden modu\u0142 mocy + kilka falownik\u00f3w) do nap\u0119du kilku\n    silnik\u00f3w.<\/p>\n  <h2>Falowniki 890 mo\u017cna skonfigurowa\u0107 na 4 sposoby:<\/h2>\n  <ul>\n    <li>otwarta p\u0119tla (V\/Hz) rozwi\u0105zanie do kotroli pr\u0119dko\u015bci uk\u0142ad\u00f3w jedno lub wielosilnikowych<\/li>\n    <li>bezczujnikowa kontrola momentu<\/li>\n    <li>zamknieta p\u0119tla<\/li>\n    <li>4Q : w tym rozw\u0105zaniu mo\u017cliwo\u015bc zwrotu energii do sieci<\/li>\n  <\/ul>\n  <h2>Zasilanie: 208 - 500VAC<\/h2>\n  <h2>Sprz\u0119\u017cenie zwrotne (opcje):<\/h2>\n  <ul>\n    <li>enkoder inkrementalny<\/li>\n    <li>enkoder EnDat 2.1 (SinCos)<\/li>\n    <li>resolver<\/li>\n  <\/ul>\n  <h2>Komunikacja (opcje):<\/h2>\n  <ul>\n    <li>CANopen<\/li>\n    <li>ControlNet<\/li>\n    <li>DeviceNet<\/li>\n    <li>ProfiNet<\/li>\n    <li>Profibus<\/li>\n    <li>Ethernet IP\/IM<\/li>\n    <li>RS485<\/li>\n    <li>analog<\/li>\n    <li>Firewire 1394 (cykl 125\u03bcs, synchronizacja w czasie rzeczywistym wsp\u00f3\u0142pracuj\u0105cych falownik\u00f3w)<\/li>\n    <li>SP - peer to peer<\/li>\n  <\/ul>\n  <h2>Programowanie:<\/h2>\n  <p>Darmowe oprogramowanie DSELite pozwala na budow\u0119 zaawansowanych konfiguracji (liczne wbudowane makra) z u\u017cyciem PC\n    (przez port USB).<\/p>\n<\/div>\n","protected":false},"excerpt":{"rendered":"","protected":false},"author":1,"featured_media":0,"parent":0,"menu_order":0,"comment_status":"closed","ping_status":"closed","template":"page-templates\/page_fullwidth.php","meta":{"_exactmetrics_skip_tracking":false,"_exactmetrics_sitenote_active":false,"_exactmetrics_sitenote_note":"","_exactmetrics_sitenote_category":0},"aioseo_notices":[],"_links":{"self":[{"href":"https:\/\/www.bttautomatyka.pl\/index.php\/wp-json\/wp\/v2\/pages\/143"}],"collection":[{"href":"https:\/\/www.bttautomatyka.pl\/index.php\/wp-json\/wp\/v2\/pages"}],"about":[{"href":"https:\/\/www.bttautomatyka.pl\/index.php\/wp-json\/wp\/v2\/types\/page"}],"author":[{"embeddable":true,"href":"https:\/\/www.bttautomatyka.pl\/index.php\/wp-json\/wp\/v2\/users\/1"}],"replies":[{"embeddable":true,"href":"https:\/\/www.bttautomatyka.pl\/index.php\/wp-json\/wp\/v2\/comments?post=143"}],"version-history":[{"count":0,"href":"https:\/\/www.bttautomatyka.pl\/index.php\/wp-json\/wp\/v2\/pages\/143\/revisions"}],"wp:attachment":[{"href":"https:\/\/www.bttautomatyka.pl\/index.php\/wp-json\/wp\/v2\/media?parent=143"}],"curies":[{"name":"wp","href":"https:\/\/api.w.org\/{rel}","templated":true}]}}