{"id":139,"date":"2016-11-07T11:22:23","date_gmt":"2016-11-07T10:22:23","guid":{"rendered":"http:\/\/www.bttautomatyka.pl\/?page_id=139"},"modified":"2016-11-07T11:25:43","modified_gmt":"2016-11-07T10:25:43","slug":"falowniki-parker-ac30","status":"publish","type":"page","link":"https:\/\/www.bttautomatyka.pl\/index.php\/falowniki-parker-ac30\/","title":{"rendered":"Falowniki PARKER AC30"},"content":{"rendered":"<div class=\"btt parker\">\n  <h1>Falowniki PARKER serii AC30 <span>0,75-250kW (uznanie GL-DNV do 75kW)<\/span><\/h1>\n  <h2>Zaprojektowany dla prostoty:<\/h2>\n  <p>Nap\u0119d przemys\u0142owy AC30V zapewnia najwy\u017cszy poziom sterowania pomp, wentylator\u00f3w oraz silnik\u00f3w w typowych\n    aplikacjach. Modu\u0142owa budowa oferuje szereg opcji komunikacji sieciowej oraz \u0142atw\u0105 rozbudow\u0119 o modu\u0142y I\/O stosownie\n    do potrzeb.Nap\u0119d AC30 zapewnia efektywne i przyst\u0119pne cenowo sterowanie prac\u0105 zar\u00f3wno silnik\u00f3w indukcyjnych jak i\n    serwosilnik\u00f3w AC z magnesami trwa\u0142ymi (PMAC). Wbudowane, proste w obs\u0142udze makra i kreator konfiguracji u\u0142atwiaj\u0105\n    tworzenie okre\u015blonych aplikacji do sterowania silnikiem oraz konfiguracj\u0119 nap\u0119du. Pow\u0142oki ochronne 3C4 (opcja)\n    umo\u017cliwiaj\u0105 prac\u0119 w \u015brodowiskach agresywnych<\/p>\n  <h2>W\u0142a\u015bciwo\u015bci:<\/h2>\n  <ul>\n    <li>Standardowa pow\u0142oka ochronna w klasie 3C3 i 3C4 dla H2S<\/li>\n    <li>Zgodno\u015b\u0107 z dyrektyw\u0105 2011\/65\/EU w sprawie ograniczenia stosowania substancji RoHS<\/li>\n    <li>Funkcja bezpiecze\u0144stwa STO ISO EN13849 PLe standardowo<\/li>\n    <li>\u0141atwy w obs\u0142udze wy\u015bwietlacz LCD z klawiatur\u0105<\/li>\n    <li>Standardowo modu\u0142y Ethernet i Modbus TCP\/IP<\/li>\n    <li>Certyfikacja globalna<\/li>\n    <li>Wej\u015bcie na kart\u0119 pami\u0119ci SD<\/li>\n    <li>Sterowanie silnikami indukcyjnymi I serwo z magnesami trwa\u0142ymi<\/li>\n    <li>Opcjonalne wbudowane filtry EMC do \u015brodowiska 1 kategoria C2<\/li>\n    <li>Wbudowany d\u0142awik DC redukuje emisje harmoniczne do poziomu wg PN-EN 61000-3-12 powy\u017cej 2,2kW<\/li>\n    <li>Szeroki wyb\u00f3r modu\u0142\u00f3w komunikacji i modu\u0142\u00f3w I\/O<\/li>\n    <li>Darmowe oprogramowanie do zaawansowanej konfiguracji<\/li>\n  <\/ul>\n  <h2>Normy:<\/h2>\n  <ul>\n    <li>Nap\u0119d serii AC30 spe\u0142nia wymagania poni\u017cszych norm przy instalacji zgodnie z instrukcj\u0105 obs\u0142ugi produktu.<\/li>\n    <li>Znakowanie CE zgodnie z EN 61800-5-1 (Bezpiecze\u0144stwo, Dyrektywa niskonapi\u0119ciowa)<\/li>\n    <li>Znakowanie CE zgodnie z EN 61800-3 (Dyrektywa EMC)<\/li>\n    <li>Certyfikacja dla USA zgodnie z norm\u0105 UL508C.<\/li>\n    <li>Certyfikacja dla Kanady zgodnie z norm\u0105 C22.2 #1<\/li>\n  <\/ul>\n  <h2>Specyfikacja techniczna:<\/h2>\n  <table>\n    <tr>\n      <td>Zasilanie<\/td>\n      <td>3x380-480VAC \u00b1 10%<\/td>\n    <\/tr>\n    <tr>\n      <td>Cz\u0119stotliwo\u015b\u0107 wej.<\/td>\n      <td>45-65Hz<\/td>\n    <\/tr>\n    <tr>\n      <td>Cz\u0119stotliwo\u015b\u0107 wyj.<\/td>\n      <td>0-500Hz dla 4kHz kluczowania<br \/>0-1000Hz dla 8kHz kluczowania<br \/>0-1500Hz dla 12kHz kluczowania<\/td>\n    <\/tr>\n    <tr>\n      <td>Przeci\u0105\u017cenie \u2013 sta\u0142y moment<\/td>\n      <td>150% przez 30s, 180% przez 0.5s<\/td>\n    <\/tr>\n    <tr>\n      <td>Przeci\u0105\u017cenie \u2013 zmienny moment<\/td>\n      <td>110% przez 30s, 180% przez 0.5s momentu przy pe\u0142nym obci\u0105\u017ceniu<\/td>\n    <\/tr>\n    <tr>\n      <td>Temp. otoczenia<\/td>\n      <td>sta\u0142y moment 0-40\u00b0C (zmienny moment 0-45\u00b0C), max. do 50\u00b0C redukuj\u0105c moc<\/td>\n    <\/tr>\n    <tr>\n      <td>Wysoko\u015b\u0107 instalacji<\/td>\n      <td>instalacja do 2000m n.p.m. z\u00a0redukcj\u0105 mocy powy\u017cej 1000m n.p.m.<\/td>\n    <\/tr>\n    <tr>\n      <td>Modu\u0142 hamowania<\/td>\n      <td>wbudowany 30% ED<\/td>\n    <\/tr>\n    <tr>\n      <td>Filtr EMC<\/td>\n      <td>C3 lub C2 opcja<\/td>\n    <\/tr>\n    <tr>\n      <td>D\u0142awik DC<\/td>\n      <td>wbudowany d\u0142awik DC redukuje powy\u017cej 2.2kW harmoniczne do poziomu okre\u015blonego w normie PN-EN 61000-3-12<\/td>\n    <\/tr>\n    <tr>\n      <td>Pow\u0142oka ochronna<\/td>\n      <td>klasa 3C3, opcja 3C4<\/td>\n    <\/tr>\n    <tr>\n      <td>Programowanie<\/td>\n      <td>program PDD lub z pulpitu, CoDeSys<\/td>\n    <\/tr>\n    <tr>\n      <td>Komunikacja<\/td>\n      <td>Ethernet TPC\/IP (standard) opcje:<br \/> - CANopen - CC Link - DeviceNet - Modbus TCP\/IP - Profibus - ProfiNet\n        - EtherCAT - BACnet IP - ControlNet - DeviceNet - BACnet MSTP<\/td>\n    <\/tr>\n    <tr>\n      <td>Funkcja STO<\/td>\n      <td>pod\u0142\u0105czenie zgodne z EN 13849 PLe (EN 61800-5-2, Dyrektywa niskonapi\u0119ciowa)<\/td>\n    <\/tr>\n    <tr>\n      <td>Modu\u0142y rozszerze\u0144 I\/O<\/td>\n      <td>6 cyfrowych I\/O: konfigurowalnych<br \/>2 wyj\u015bcia przeka\u017anikowe 3A, 230V<br \/>3 wej\u015bcia analogowe\n        \u00b110V<br \/>Zegar czasu rzeczywistego<br \/>Wej\u015bcie dla termistora silnika<\/td>\n    <\/tr>\n    <tr>\n      <td>Cz\u0119stotliwo\u015b\u0107 kluczowania<\/td>\n      <td>4-12kHz<\/td>\n    <\/tr>\n  <\/table>\n\n<\/div>\n","protected":false},"excerpt":{"rendered":"","protected":false},"author":1,"featured_media":0,"parent":0,"menu_order":0,"comment_status":"closed","ping_status":"closed","template":"page-templates\/page_fullwidth.php","meta":{"_exactmetrics_skip_tracking":false,"_exactmetrics_sitenote_active":false,"_exactmetrics_sitenote_note":"","_exactmetrics_sitenote_category":0},"aioseo_notices":[],"_links":{"self":[{"href":"https:\/\/www.bttautomatyka.pl\/index.php\/wp-json\/wp\/v2\/pages\/139"}],"collection":[{"href":"https:\/\/www.bttautomatyka.pl\/index.php\/wp-json\/wp\/v2\/pages"}],"about":[{"href":"https:\/\/www.bttautomatyka.pl\/index.php\/wp-json\/wp\/v2\/types\/page"}],"author":[{"embeddable":true,"href":"https:\/\/www.bttautomatyka.pl\/index.php\/wp-json\/wp\/v2\/users\/1"}],"replies":[{"embeddable":true,"href":"https:\/\/www.bttautomatyka.pl\/index.php\/wp-json\/wp\/v2\/comments?post=139"}],"version-history":[{"count":0,"href":"https:\/\/www.bttautomatyka.pl\/index.php\/wp-json\/wp\/v2\/pages\/139\/revisions"}],"wp:attachment":[{"href":"https:\/\/www.bttautomatyka.pl\/index.php\/wp-json\/wp\/v2\/media?parent=139"}],"curies":[{"name":"wp","href":"https:\/\/api.w.org\/{rel}","templated":true}]}}