{"id":137,"date":"2016-11-07T11:21:01","date_gmt":"2016-11-07T10:21:01","guid":{"rendered":"http:\/\/www.bttautomatyka.pl\/?page_id=137"},"modified":"2016-11-07T11:25:55","modified_gmt":"2016-11-07T10:25:55","slug":"falowniki-parker-ac10","status":"publish","type":"page","link":"https:\/\/www.bttautomatyka.pl\/index.php\/falowniki-parker-ac10\/","title":{"rendered":"Falowniki PARKER AC10"},"content":{"rendered":"<div class=\"btt parker\">\n  <h1>Falowniki PARKER serii AC10 <span>0,2-180kW (IP66 0,4-90kW)<\/span><\/h1>\n  <img class=\"koko\" src=\"\/BTT\/img\/online\/AC10Series.jpg\" title=\"Falowniki PARKER serii AC10\" \/>\n  <p>Nap\u0119d falownikowy serii AC10 to proste i ekonomiczne rozwi\u0105zanie wykorzystywane przy sterowaniu prac\u0105 silnik\u00f3w w\n    typowych zastosowaniach z wymagan\u0105 regulacj\u0105 pr\u0119dko\u015bci lub momentu obrotowego w zakresie mocy od 0,2kW do 180kW.\n    Niewielkie wymiary oraz funkcje i parametry charakterystyczne zazwyczaj tylko dla nap\u0119d\u00f3w wy\u017cszej klasy, takie jak\n    bezczujnikowe sterowanie wektorowe, cz\u0119stotliwo\u015bci wyj\u015bciowe do 590 Hz, zasilanie 3-fazowe 400 V dla wszystkich 5\n    wielko\u015bci obud\u00f3w oraz przeci\u0105\u017calno\u015b\u0107 momentem 150% w czasie 1 minuty, sprawiaj\u0105, \u017ce AC10 to optymalne rozwi\u0105zanie\n    dla producent\u00f3w maszyn szukaj\u0105cych kompaktowego, niedrogiego nap\u0119du o wysokich osi\u0105gach.<\/p>\n  <h2>Charakterystyka:<\/h2>\n  <ul>\n    <li>\n      <h3>PROSTOTA:<\/h3>\u0141atwy w obs\u0142udze zintegrowany panel operatorski falownika AC10 zmniejsza czas i nak\u0142ady pracy\n      wymagane przy instalacji, konfiguracji i uruchomieniu. Minimalna ilo\u015b\u0107 okablowania oraz dwie \u0142atwo dost\u0119pne listwy\n      zaciskowe zapewniaj\u0105 szybkie i \u0142atwe przygotowanie nap\u0119du AC10 do pracy. Opr\u00f3cz typowego sterowania U\/f w AC10\n      dost\u0119pny jest tak\u017ce tryb bezczujnikowego sterowania wektorowego, kt\u00f3ry pozwala u\u017cytkownikom potrzebuj\u0105cym wi\u0119kszej\n      dynamiki przy kontroli pr\u0119dko\u015bci lub momentu obrotowego na uzyskiwanie wy\u017cszych dok\u0142adno\u015bci regulacji, o 0,5% w\n      przypadku pr\u0119dko\u015bci i o 5% w przypadku momentu obrotowego.\n    <\/li>\n    <li>\n      <h3>OBS\u0141UGA:<\/h3>AC10 jest dostarczany w komplecie z ergonomicznym panelem operatorskim w standardzie oferuj\u0105cym 4\n      diody LED do sygnalizacji statusu falownika, 4 -cyfrowy 7- segmentowy wy\u015bwietlacz LED i membranow\u0105 klawiatur\u0119\n      dotykow\u0105. Opr\u00f3cz wy\u015bwietlania statusu i informacji o pracy, wy\u015bwietlacz LED jest r\u00f3wnie\u017c u\u017cywany do konfiguracji\n      parametr\u00f3w nap\u0119du, kt\u00f3re mog\u0105 by\u0107 szybko i \u0142atwo zmienione za pomoc\u0105 klawiatury. Klawiatura mo\u017ce by\u0107 r\u00f3wnie\u017c\n      wykorzystywane do lokalnej kontroli silnika, aby uruchomi\u0107, zatrzyma\u0107, zwi\u0119kszy\u0107 lub zmniejszy\u0107 pr\u0119dko\u015b\u0107 obrotow\u0105\n      silnika. Dost\u0119pna jest tak\u017ce klawiatura opcjonalna i mo\u017ce by\u0107 montowana poza nap\u0119dem.\n    <\/li>\n    <li>\n      <h3>PROGRAMOWANIE:<\/h3>Z pulpitu lub u\u017cyciem darmowego oprogramowania DSELite do zaawansowanej konfiguracji\n      (liczne wbudowane makra) z u\u017cyciem PC.\n    <\/li>\n    <li>\n      <h3>ZASTOSOWANIA:<\/h3>Nap\u0119d AC10 zapewnia \u0142atwe i wygodne sterowanie prac\u0105 silnik\u00f3w w szeregu typowych zastosowa\u0144\n      przemys\u0142owych, oferuj\u0105c u\u017cytkownikom korzy\u015bci takie jak: oszcz\u0119dno\u015b\u0107 energii wynikaj\u0105ca ze stosowania nap\u0119d\u00f3w\n      falownikowych, wi\u0119ksza niezawodno\u015b\u0107 i d\u0142u\u017csze okresy eksploatacji urz\u0105dze\u0144 dzi\u0119ki p\u0142ynnemu przemieszczaniu i\n      zatrzymywaniu obci\u0105\u017ce\u0144 w regularnych cyklach roboczych. Typowe zastosowania nap\u0119d\u00f3w AC10 obejmuj\u0105:\n      <ul>\n        <li>Transportery<\/li>\n        <li>Wir\u00f3wki<\/li>\n        <li>Wentylatory<\/li>\n        <li>Mieszad\u0142a<\/li>\n        <li>Maszyny pakuj\u0105ce<\/li>\n        <li>Maszyny w\u0142\u00f3kiennicze<\/li>\n        <li>Wi\u0105zarki<\/li>\n        <li>Maszyny do etykietowania<\/li>\n        <li>Pralki przemys\u0142owe<\/li>\n        <li>Wrzeciona obrabiarek<\/li>\n        <li>Drzwi rolkowe<\/li>\n      <\/ul>\n    <\/li>\n  <\/ul>\n  <h2>Specyfikacja techniczna:<\/h2>\n  <table>\n    <tr>\n      <td>Zasilanie<\/td>\n      <td>1x220-240VAC \u00b1 15%<br \/>3x220-240VAC \u00b1 15%<br \/>3x380-480VAC \u00b1 15%<\/td>\n    <\/tr>\n    <tr>\n      <td>Cz\u0119stotliwo\u015b\u0107 wej.<\/td>\n      <td>50\/60 Hz<\/td>\n    <\/tr>\n    <tr>\n      <td>Cz\u0119stotliwo\u015b\u0107 wyj.<\/td>\n      <td>0.5-590 Hz<\/td>\n    <\/tr>\n    <tr>\n      <td>Przeci\u0105\u017cenie<\/td>\n      <td>150% przez 60s, 200% przez 2s<\/td>\n    <\/tr>\n    <tr>\n      <td>Temp. otoczenia<\/td>\n      <td>0-40\u00b0C (do 50\u00b0C redukuj\u0105c moc)<\/td>\n    <\/tr>\n    <tr>\n      <td>Wej\u015bcia analogowe<\/td>\n      <td>1x(0-10V)<br \/>1x(0-10V, 0-5V, 0-20mA, 4-20mA)<\/td>\n    <\/tr>\n    <tr>\n      <td>Wyj\u015bcia analogowe<\/td>\n      <td>1x(0-10V, 0-20mA) wlk. 1-5<br \/>2x(0-10V, 0-20mA) wlk. 6-11<\/td>\n    <\/tr>\n    <tr>\n      <td>Wej\u015bcia cyfrowe<\/td>\n      <td>5x24 VDC wlk. 1-5<br \/>8x24 VDC wlk. 6-115<\/td>\n    <\/tr>\n    <tr>\n      <td>Wyj\u015bcia cyfrowe<\/td>\n      <td>1x24 VDC wlk. 1-5<br \/>2x24 VDC wlk. 6-11<\/td>\n    <\/tr>\n    <tr>\n      <td>Wej\u015bcie przeka\u017anikowe<\/td>\n      <td>1x 5A @230VAC<\/td>\n    <\/tr>\n    <tr>\n      <td>Modu\u0142 hamowania<\/td>\n      <td>Standard<\/td>\n    <\/tr>\n    <tr>\n      <td>Filtr EMC<\/td>\n      <td>C3 standard, opcja C2<\/td>\n    <\/tr>\n    <tr>\n      <td>Programowanie<\/td>\n      <td>DSELite z PC lub z pulpitu<\/td>\n    <\/tr>\n    <tr>\n      <td>Komunikacja<\/td>\n      <td>Modbus\/RS485<\/td>\n    <\/tr>\n    <tr>\n      <td>D\u0142awik DC<\/td>\n      <td>od 30kW wbudowany<\/td>\n    <\/tr>\n    <tr>\n      <td>Cz\u0119stotliwo\u015b\u0107 kluczowania<\/td>\n      <td>2-10kHz<\/td>\n    <\/tr>\n  <\/table>\n<\/div>\n","protected":false},"excerpt":{"rendered":"","protected":false},"author":1,"featured_media":0,"parent":0,"menu_order":0,"comment_status":"closed","ping_status":"closed","template":"page-templates\/page_fullwidth.php","meta":{"_exactmetrics_skip_tracking":false,"_exactmetrics_sitenote_active":false,"_exactmetrics_sitenote_note":"","_exactmetrics_sitenote_category":0},"aioseo_notices":[],"_links":{"self":[{"href":"https:\/\/www.bttautomatyka.pl\/index.php\/wp-json\/wp\/v2\/pages\/137"}],"collection":[{"href":"https:\/\/www.bttautomatyka.pl\/index.php\/wp-json\/wp\/v2\/pages"}],"about":[{"href":"https:\/\/www.bttautomatyka.pl\/index.php\/wp-json\/wp\/v2\/types\/page"}],"author":[{"embeddable":true,"href":"https:\/\/www.bttautomatyka.pl\/index.php\/wp-json\/wp\/v2\/users\/1"}],"replies":[{"embeddable":true,"href":"https:\/\/www.bttautomatyka.pl\/index.php\/wp-json\/wp\/v2\/comments?post=137"}],"version-history":[{"count":0,"href":"https:\/\/www.bttautomatyka.pl\/index.php\/wp-json\/wp\/v2\/pages\/137\/revisions"}],"wp:attachment":[{"href":"https:\/\/www.bttautomatyka.pl\/index.php\/wp-json\/wp\/v2\/media?parent=137"}],"curies":[{"name":"wp","href":"https:\/\/api.w.org\/{rel}","templated":true}]}}